{"id":69,"date":"2022-03-25T01:47:50","date_gmt":"2022-03-25T01:47:50","guid":{"rendered":"https:\/\/climigrant.org\/formation\/lp-term-conditions\/"},"modified":"2023-07-04T01:14:20","modified_gmt":"2023-07-04T01:14:20","slug":"informations-legales","status":"publish","type":"page","link":"https:\/\/climigrant.org\/formation\/informations-legales\/","title":{"rendered":"Informations l\u00e9gales"},"content":{"rendered":"\n<h3 class=\"wp-block-heading\">Introduction<\/h3>\n\n\n\n<p>Le site Climigrant a \u00e9t\u00e9 cr\u00e9\u00e9 par le <mark style=\"background-color:rgba(0, 0, 0, 0)\" class=\"has-inline-color has-vivid-red-color\"><a href=\"https:\/\/www.santepop.qc.ca\/\" data-type=\"URL\" data-id=\"https:\/\/www.santepop.qc.ca\/\">R\u00e9seau de recherche en sant\u00e9 des populations du Qu\u00e9bec (RRSPQ)<\/a><\/mark>, un r\u00e9seau financ\u00e9 par le <mark style=\"background-color:rgba(0, 0, 0, 0)\" class=\"has-inline-color has-vivid-red-color\"><a href=\"https:\/\/frq.gouv.qc.ca\/sante\/\" data-type=\"URL\" data-id=\"https:\/\/frq.gouv.qc.ca\/sante\/\" target=\"_blank\" rel=\"noreferrer noopener\">Fonds de recherche du Qu\u00e9bec \u2013 Sant\u00e9 (FRQS)<\/a><\/mark>. Les objectifs poursuivis par ce projet sont principalement d\u2019offrir des outils de sensibilisation, de formation et de partage des connaissances sur les impacts des changements climatiques sur la sant\u00e9 et les migrations. Toute utilisation du site n\u2019entrant pas dans le cadre de ces objectifs est strictement interdite sans l\u2019autorisation pr\u00e9alable du RRSPQ.<\/p>\n\n\n\n<h3 class=\"wp-block-heading\">Droits d&rsquo;auteur et utilisation permise<\/h3>\n\n\n\n<p>Le contenu de ce site (textes, images, photos, illustrations, graphiques, logos, bandes audio, vid\u00e9oclips) est prot\u00e9g\u00e9 par la loi sur les droits d&rsquo;auteur et ne peut \u00eatre reproduit ou modifi\u00e9 sans l&rsquo;autorisation \u00e9crite du RRSPQ. Le t\u00e9l\u00e9chargement des publications et l&rsquo;utilisation des outils sont autoris\u00e9s pour un usage personnel, acad\u00e9mique ou scolaire \u00e0 la condition d&rsquo;en citer clairement la source, incluant le lien direct au site <a href=\"https:\/\/www.climigrant.org\" data-type=\"URL\" data-id=\"https:\/\/www.climigrant.org\" target=\"_blank\" rel=\"noreferrer noopener\">www.climigrant.org<\/a>.<\/p>\n\n\n\n<p>Toute utilisation, modification ou reproduction de ce site Web \u00e0 des fins commerciales ou qui n\u2019entrent pas dans les objectifs cit\u00e9s en introduction, en totalit\u00e9 ou en partie est interdite sans l&rsquo;autorisation pr\u00e9alable et \u00e9crite du RRSPQ.<\/p>\n\n\n\n<h3 class=\"wp-block-heading\">Exclusion de garantie et avis de non-responsabilit\u00e9<\/h3>\n\n\n\n<p>Le RRSPQ d\u00e9ploie tous les efforts raisonnables pour s\u2019assurer de la qualit\u00e9 des informations contenues sur le site. Il ne peut toutefois garantir que les informations contenues dans le site sont sans erreurs, fiables ou \u00e0 jour en tout temps. Le RRSPQ n\u2019encourt aucune responsabilit\u00e9 de quelconque nature (ex.&nbsp;: dommages et int\u00e9r\u00eats directs ou indirects) pour tout pr\u00e9judice d\u00e9coulant de l\u2019utilisation du site internet. Le pr\u00e9sent avis de non-responsabilit\u00e9 n&rsquo;entend pas contrevenir aux dispositions des l\u00e9gislations canadiennes applicables en cette mati\u00e8re, qu&rsquo;il s&rsquo;agisse des lois f\u00e9d\u00e9rales, provinciales ou territoriales en vigueur au Canada.<\/p>\n\n\n\n<h3 class=\"wp-block-heading\">Hyperliens vers des sites Web autres que ceux du RRSPQ<\/h3>\n\n\n\n<p>Le site Climigrant comporte des hyperliens vers des sites Web externes et des documents qui ne sont pas cr\u00e9\u00e9s ou g\u00e9r\u00e9s par le RRSPQ. En cliquant sur ces liens ou en ouvrant des documents sur d\u2019autres sites, vous quittez le site Climigrant. Le RRSPQ n\u2019exerce aucun contr\u00f4le sur l\u2019exploitation de ces sites Web ou sur leur contenu et le fait qu\u2019ils soient r\u00e9pertori\u00e9s sur leur site Web n\u2019engage d\u2019aucune fa\u00e7on la responsabilit\u00e9 du RRSPQ.<\/p>\n\n\n\n<h3 class=\"wp-block-heading\">Politique de confidentialit\u00e9<\/h3>\n\n\n\n<p>Le respect de votre vie priv\u00e9e et la protection de vos renseignements personnels sont de la plus haute importance pour le RRSPQ et l\u2019organisme qui le finance (FRQS). Certaines informations sont transmises automatiquement entre serveurs \u2013 toutefois celles-ci ne sont utilis\u00e9es qu\u2019\u00e0 des fins statistiques, soit pour comptabiliser le nombre de visites, les pages les plus fr\u00e9quent\u00e9es, la technologie utilis\u00e9e par les visiteurs, les sites r\u00e9f\u00e9rents et le pays d\u2019origine des visiteuses et visiteurs. \u00c0 l\u2019exclusion de ces donn\u00e9es statistiques, le RRSPQ ne recueille pas automatiquement de renseignements personnels \u00e0 votre sujet sans votre consentement. Il ne partage pas non plus avec des tiers votre adresse courriel si vous vous inscrivez \u00e0 sa liste de diffusion \u2013 \u00e0 moins que vous y consentiez. Vous pouvez vous r\u00e9f\u00e9rez \u00e0 la <a rel=\"noreferrer noopener\" href=\"https:\/\/frq.gouv.qc.ca\/politique-de-confidentialite\/\" data-type=\"URL\" data-id=\"https:\/\/frq.gouv.qc.ca\/politique-de-confidentialite\/\" target=\"_blank\">politique de confidentialit\u00e9 des FRQ<\/a> pour plus d\u2019information.<\/p>\n","protected":false},"excerpt":{"rendered":"<p>Introduction Le site Climigrant a \u00e9t\u00e9 cr\u00e9\u00e9 par le R\u00e9seau de recherche en sant\u00e9 des populations du Qu\u00e9bec (RRSPQ), un r\u00e9seau financ\u00e9 par le Fonds de recherche du Qu\u00e9bec \u2013 Sant\u00e9 (FRQS). Les objectifs poursuivis par ce projet sont principalement d\u2019offrir des outils de sensibilisation, de formation et de partage des connaissances sur les impacts&#8230;<\/p>\n","protected":false},"author":1,"featured_media":0,"parent":0,"menu_order":0,"comment_status":"closed","ping_status":"closed","template":"","meta":{"footnotes":""},"class_list":["post-69","page","type-page","status-publish","hentry"],"_links":{"self":[{"href":"https:\/\/climigrant.org\/formation\/wp-json\/wp\/v2\/pages\/69","targetHints":{"allow":["GET"]}}],"collection":[{"href":"https:\/\/climigrant.org\/formation\/wp-json\/wp\/v2\/pages"}],"about":[{"href":"https:\/\/climigrant.org\/formation\/wp-json\/wp\/v2\/types\/page"}],"author":[{"embeddable":true,"href":"https:\/\/climigrant.org\/formation\/wp-json\/wp\/v2\/users\/1"}],"replies":[{"embeddable":true,"href":"https:\/\/climigrant.org\/formation\/wp-json\/wp\/v2\/comments?post=69"}],"version-history":[{"count":2,"href":"https:\/\/climigrant.org\/formation\/wp-json\/wp\/v2\/pages\/69\/revisions"}],"predecessor-version":[{"id":9490,"href":"https:\/\/climigrant.org\/formation\/wp-json\/wp\/v2\/pages\/69\/revisions\/9490"}],"wp:attachment":[{"href":"https:\/\/climigrant.org\/formation\/wp-json\/wp\/v2\/media?parent=69"}],"curies":[{"name":"wp","href":"https:\/\/api.w.org\/{rel}","templated":true}]}}