{"id":1412,"date":"2022-10-11T14:11:15","date_gmt":"2022-10-11T14:11:15","guid":{"rendered":"https:\/\/climigrant.org\/formation\/?page_id=1412"},"modified":"2025-04-16T18:04:18","modified_gmt":"2025-04-16T18:04:18","slug":"equipe-de-travail","status":"publish","type":"page","link":"https:\/\/climigrant.org\/formation\/la-formation\/equipe-de-travail\/","title":{"rendered":"\u00c9quipe de travail"},"content":{"rendered":"\t\t<div data-elementor-type=\"wp-page\" data-elementor-id=\"1412\" class=\"elementor elementor-1412\" data-elementor-post-type=\"page\">\n\t\t\t\t\t\t<section class=\"elementor-section elementor-top-section elementor-element elementor-element-d2dff92 elementor-section-boxed elementor-section-height-default elementor-section-height-default\" data-id=\"d2dff92\" data-element_type=\"section\" data-e-type=\"section\">\n\t\t\t\t\t\t<div class=\"elementor-container elementor-column-gap-default\">\n\t\t\t\t\t<div class=\"elementor-column elementor-col-50 elementor-top-column elementor-element elementor-element-9a035e3\" data-id=\"9a035e3\" data-element_type=\"column\" data-e-type=\"column\">\n\t\t\t<div class=\"elementor-widget-wrap elementor-element-populated\">\n\t\t\t\t\t\t<div class=\"elementor-element elementor-element-365eff5 elementor-widget elementor-widget-text-editor\" data-id=\"365eff5\" data-element_type=\"widget\" data-e-type=\"widget\" data-widget_type=\"text-editor.default\">\n\t\t\t\t<div class=\"elementor-widget-container\">\n\t\t\t\t\t\t\t\t\t<h4>Matthew Hunt<\/h4><p>Matthew Hunt PT, PhD, est professeur agr\u00e9g\u00e9 \u00e0 l\u2019\u00c9cole de physioth\u00e9rapie et d\u2019ergoth\u00e9rapie de l\u2018Universit\u00e9 McGill et chercheur au Centre de recherche interdisciplinaire en r\u00e9adaptation. Il dirige l\u2019axe \u00c9thique du R\u00e9seau de recherche en sant\u00e9 des populations du Qu\u00e9bec (RRSPQ) et ses recherches portent sur l\u2019\u00e9thique, la sant\u00e9 mondiale et la r\u00e9adaptation.<\/p>\t\t\t\t\t\t\t\t<\/div>\n\t\t\t\t<\/div>\n\t\t\t\t\t<\/div>\n\t\t<\/div>\n\t\t\t\t<div class=\"elementor-column elementor-col-50 elementor-top-column elementor-element elementor-element-9c0d58b\" data-id=\"9c0d58b\" data-element_type=\"column\" data-e-type=\"column\">\n\t\t\t<div class=\"elementor-widget-wrap elementor-element-populated\">\n\t\t\t\t\t\t<div class=\"elementor-element elementor-element-ec78d60 elementor-widget elementor-widget-text-editor\" data-id=\"ec78d60\" data-element_type=\"widget\" data-e-type=\"widget\" data-widget_type=\"text-editor.default\">\n\t\t\t\t<div class=\"elementor-widget-container\">\n\t\t\t\t\t\t\t\t\t<h4>Lisa Merry<\/h4><p>Lisa Merry inf. PhD, est professeure adjointe \u00e0 la Facult\u00e9 des sciences infirmi\u00e8res, Universit\u00e9 de Montr\u00e9al. Elle est responsable de l\u2019axe Sant\u00e9 mondiale du R\u00e9seau de recherche en sant\u00e9 des populations du Qu\u00e9bec (RRSPQ). Elle a notamment plus de 15 ans d\u2019exp\u00e9rience en recherche avec les populations migrantes, surtout les femmes enceintes et ayant accouch\u00e9.<\/p>\t\t\t\t\t\t\t\t<\/div>\n\t\t\t\t<\/div>\n\t\t\t\t\t<\/div>\n\t\t<\/div>\n\t\t\t\t\t<\/div>\n\t\t<\/section>\n\t\t\t\t<section class=\"elementor-section elementor-top-section elementor-element elementor-element-1d23643 elementor-section-boxed elementor-section-height-default elementor-section-height-default\" data-id=\"1d23643\" data-element_type=\"section\" data-e-type=\"section\">\n\t\t\t\t\t\t<div class=\"elementor-container elementor-column-gap-default\">\n\t\t\t\t\t<div class=\"elementor-column elementor-col-50 elementor-top-column elementor-element elementor-element-51fd221\" data-id=\"51fd221\" data-element_type=\"column\" data-e-type=\"column\">\n\t\t\t<div class=\"elementor-widget-wrap elementor-element-populated\">\n\t\t\t\t\t\t<div class=\"elementor-element elementor-element-13c7f9e elementor-widget elementor-widget-text-editor\" data-id=\"13c7f9e\" data-element_type=\"widget\" data-e-type=\"widget\" data-widget_type=\"text-editor.default\">\n\t\t\t\t<div class=\"elementor-widget-container\">\n\t\t\t\t\t\t\t\t\t<h4>Thierry Hurlimann<\/h4>\nThierry Hurlimann BCL, LL.M (Sp\u00e9cialisation en bio\u00e9thique) est le coordonnateur de l\u2019axe Sant\u00e9 mondiale et la personne charg\u00e9e des communications au RRSPQ. Ses int\u00e9r\u00eats de recherche portent notamment sur les aspects interdisciplinaires de l\u2019\u00e9thique de la recherche, des enjeux socio-\u00e9thiques soulev\u00e9s par les technologies m\u00e9dicales telle que le s\u00e9quen\u00e7age g\u00e9n\u00e9tique, dans une perspective globale d\u2019\u00e9quit\u00e9, d\u2019inclusion et de diversit\u00e9.\t\t\t\t\t\t\t\t<\/div>\n\t\t\t\t<\/div>\n\t\t\t\t\t<\/div>\n\t\t<\/div>\n\t\t\t\t<div class=\"elementor-column elementor-col-50 elementor-top-column elementor-element elementor-element-cf6a764\" data-id=\"cf6a764\" data-element_type=\"column\" data-e-type=\"column\">\n\t\t\t<div class=\"elementor-widget-wrap elementor-element-populated\">\n\t\t\t\t\t\t<div class=\"elementor-element elementor-element-c44f3fa elementor-widget elementor-widget-text-editor\" data-id=\"c44f3fa\" data-element_type=\"widget\" data-e-type=\"widget\" data-widget_type=\"text-editor.default\">\n\t\t\t\t<div class=\"elementor-widget-container\">\n\t\t\t\t\t\t\t\t\t<h4>Sophie Schriever<\/h4><p>Sophie Schriever est candidate au doctorat en \u00e9tudes internationales \u00e0 l\u2019Universit\u00e9 Laval et \u00e0 l\u2019Universit\u00e9 d\u2019Amsterdam. Elle d\u00e9tient un M.Sc. en relations internationales de l\u2019Universit\u00e9 d\u2019Amsterdam et a deux ans d\u2019exp\u00e9rience professionnelle en tant que journaliste pour la t\u00e9l\u00e9vision publique allemande ARD \u00e0 Bruxelles. Ses recherches portent sur les effets de la conceptualisation de la migration en tant que strat\u00e9gie d\u2019adaptation aux changement climatiques.<\/p>\t\t\t\t\t\t\t\t<\/div>\n\t\t\t\t<\/div>\n\t\t\t\t\t<\/div>\n\t\t<\/div>\n\t\t\t\t\t<\/div>\n\t\t<\/section>\n\t\t\t\t<section class=\"elementor-section elementor-top-section elementor-element elementor-element-3801487 elementor-section-boxed elementor-section-height-default elementor-section-height-default\" data-id=\"3801487\" data-element_type=\"section\" data-e-type=\"section\">\n\t\t\t\t\t\t<div class=\"elementor-container elementor-column-gap-default\">\n\t\t\t\t\t<div class=\"elementor-column elementor-col-50 elementor-top-column elementor-element elementor-element-3893215\" data-id=\"3893215\" data-element_type=\"column\" data-e-type=\"column\">\n\t\t\t<div class=\"elementor-widget-wrap elementor-element-populated\">\n\t\t\t\t\t\t<div class=\"elementor-element elementor-element-3938bb5 elementor-widget elementor-widget-text-editor\" data-id=\"3938bb5\" data-element_type=\"widget\" data-e-type=\"widget\" data-widget_type=\"text-editor.default\">\n\t\t\t\t<div class=\"elementor-widget-container\">\n\t\t\t\t\t\t\t\t\t<h4>Tzvetelina Tzoneva<\/h4><p>Tzvetelina Tzoneva MSW, MSEd est candidate au doctorat en travail social \u00e0 l\u2019Universit\u00e9 du Qu\u00e9bec \u00e0 Montr\u00e9al (UQAM). Elle est la coordinatrice de l\u2019axe \u00c9thique du R\u00e9seau de recherche en sant\u00e9 des populations du Qu\u00e9bec (RRSPQ). Ses int\u00e9r\u00eats de recherche portent sur l\u2019identification des m\u00e9canismes structurels, sociaux et familiaux qui affectent la socialisation des jeunes ainsi que sur la compr\u00e9hension de leur exp\u00e9rience subjective d\u2019\u00e9chec et d\u2019exclusion.<\/p>\t\t\t\t\t\t\t\t<\/div>\n\t\t\t\t<\/div>\n\t\t\t\t\t<\/div>\n\t\t<\/div>\n\t\t\t\t<div class=\"elementor-column elementor-col-50 elementor-top-column elementor-element elementor-element-d684a62\" data-id=\"d684a62\" data-element_type=\"column\" data-e-type=\"column\">\n\t\t\t<div class=\"elementor-widget-wrap elementor-element-populated\">\n\t\t\t\t\t\t<div class=\"elementor-element elementor-element-a5c31dc elementor-widget elementor-widget-text-editor\" data-id=\"a5c31dc\" data-element_type=\"widget\" data-e-type=\"widget\" data-widget_type=\"text-editor.default\">\n\t\t\t\t<div class=\"elementor-widget-container\">\n\t\t\t\t\t\t\t\t\t<h4>Charles Massicotte<\/h4><p>Charles Massicotte a commenc\u00e9 \u00e0 travailler sur les plateaux de tournage \u00e0 l\u2019\u00e2ge de 18 ans comme assistant de production. Il a depuis ouvert un studio d\u2019animation et de postproduction avec lequel il a mis en oeuvre plusieurs vid\u00e9oclips et ouvertures de longs m\u00e9trages. Il a ensuite \u00e9t\u00e9 producteur au sein du milieu publicitaire qu\u00e9b\u00e9cois pendant pr\u00e8s de 15 ans avant de commencer la r\u00e9alisation. Il a particip\u00e9 \u00e0 plusieurs autres courts m\u00e9trages ainsi qu\u2019au long m\u00e9trage <i>Dead End,<\/i> r\u00e9cipiendaire du prix du public pour le meilleur long m\u00e9trage canadien au Festival Fantasia \u00e0 l\u2019\u00e9t\u00e9 2018.<\/p>\t\t\t\t\t\t\t\t<\/div>\n\t\t\t\t<\/div>\n\t\t\t\t\t<\/div>\n\t\t<\/div>\n\t\t\t\t\t<\/div>\n\t\t<\/section>\n\t\t\t\t<section class=\"elementor-section elementor-top-section elementor-element elementor-element-887ffa9 elementor-section-boxed elementor-section-height-default elementor-section-height-default\" data-id=\"887ffa9\" data-element_type=\"section\" data-e-type=\"section\">\n\t\t\t\t\t\t<div class=\"elementor-container elementor-column-gap-default\">\n\t\t\t\t\t<div class=\"elementor-column elementor-col-50 elementor-top-column elementor-element elementor-element-f40f511\" data-id=\"f40f511\" data-element_type=\"column\" data-e-type=\"column\">\n\t\t\t<div class=\"elementor-widget-wrap elementor-element-populated\">\n\t\t\t\t\t\t<div class=\"elementor-element elementor-element-3c92763 elementor-widget elementor-widget-text-editor\" data-id=\"3c92763\" data-element_type=\"widget\" data-e-type=\"widget\" data-widget_type=\"text-editor.default\">\n\t\t\t\t<div class=\"elementor-widget-container\">\n\t\t\t\t\t\t\t\t\t<h4>Sergio Luna<\/h4><p>Sergio Luna, originaire du Mexique, est un concepteur qualifi\u00e9 de sites Web. Il perfectionne son art \u00e0 Montr\u00e9al depuis de nombreuses ann\u00e9es. Il poss\u00e8de une vaste exp\u00e9rience dans la conception de sites Web attrayants et visuellement s\u00e9duisants pour un large \u00e9ventail de clients.<\/p>\t\t\t\t\t\t\t\t<\/div>\n\t\t\t\t<\/div>\n\t\t\t\t\t<\/div>\n\t\t<\/div>\n\t\t\t\t<div class=\"elementor-column elementor-col-50 elementor-top-column elementor-element elementor-element-d35b1a3\" data-id=\"d35b1a3\" data-element_type=\"column\" data-e-type=\"column\">\n\t\t\t<div class=\"elementor-widget-wrap elementor-element-populated\">\n\t\t\t\t\t\t<div class=\"elementor-element elementor-element-a2d6b76 elementor-widget elementor-widget-text-editor\" data-id=\"a2d6b76\" data-element_type=\"widget\" data-e-type=\"widget\" data-widget_type=\"text-editor.default\">\n\t\t\t\t<div class=\"elementor-widget-container\">\n\t\t\t\t\t\t\t\t\t<p>La cr\u00e9ation graphique du site de cette formation est inspir\u00e9e des dessins de Sandra Dumais &#8211; illustratrice qu\u00e9b\u00e9coise prim\u00e9e, auteure des dessins du site <a href=\"http:\/\/www.climigrant.org\" target=\"_blank\" rel=\"noopener\"><span style=\"text-decoration: underline;\"><strong>www.climigrant.org<\/strong><\/span><\/a>. D\u2019autres illustrations &#8211; libres de droit &#8211; proviennent des sites <span style=\"text-decoration: underline;\"><strong><a href=\"https:\/\/fr.vecteezy.com\/\" target=\"_blank\" rel=\"noopener\">fr.vecteezy.com<\/a><\/strong><\/span> et <span style=\"text-decoration: underline;\"><strong><a href=\"http:\/\/www.flaticon.com\" target=\"_blank\" rel=\"noopener\">www.flaticon.com<\/a><\/strong><\/span>.<\/p>\t\t\t\t\t\t\t\t<\/div>\n\t\t\t\t<\/div>\n\t\t\t\t\t<\/div>\n\t\t<\/div>\n\t\t\t\t\t<\/div>\n\t\t<\/section>\n\t\t\t\t<section class=\"elementor-section elementor-top-section elementor-element elementor-element-97b8a46 elementor-section-boxed elementor-section-height-default elementor-section-height-default\" data-id=\"97b8a46\" data-element_type=\"section\" data-e-type=\"section\">\n\t\t\t\t\t\t<div class=\"elementor-container elementor-column-gap-default\">\n\t\t\t\t\t<div class=\"elementor-column elementor-col-100 elementor-top-column elementor-element elementor-element-4ca1201\" data-id=\"4ca1201\" data-element_type=\"column\" data-e-type=\"column\">\n\t\t\t<div class=\"elementor-widget-wrap elementor-element-populated\">\n\t\t\t\t\t\t<div class=\"elementor-element elementor-element-9be467d elementor-widget elementor-widget-spacer\" data-id=\"9be467d\" data-element_type=\"widget\" data-e-type=\"widget\" data-widget_type=\"spacer.default\">\n\t\t\t\t<div class=\"elementor-widget-container\">\n\t\t\t\t\t\t\t<div class=\"elementor-spacer\">\n\t\t\t<div class=\"elementor-spacer-inner\"><\/div>\n\t\t<\/div>\n\t\t\t\t\t\t<\/div>\n\t\t\t\t<\/div>\n\t\t\t\t<div class=\"elementor-element elementor-element-70c0047 elementor-widget elementor-widget-heading\" data-id=\"70c0047\" data-element_type=\"widget\" data-e-type=\"widget\" data-widget_type=\"heading.default\">\n\t\t\t\t<div class=\"elementor-widget-container\">\n\t\t\t\t\t<h2 class=\"elementor-heading-title elementor-size-default\">Remerciements<\/h2>\t\t\t\t<\/div>\n\t\t\t\t<\/div>\n\t\t\t\t\t<\/div>\n\t\t<\/div>\n\t\t\t\t\t<\/div>\n\t\t<\/section>\n\t\t\t\t<section class=\"elementor-section elementor-top-section elementor-element elementor-element-4d6abb5 elementor-section-boxed elementor-section-height-default elementor-section-height-default\" data-id=\"4d6abb5\" data-element_type=\"section\" data-e-type=\"section\">\n\t\t\t\t\t\t<div class=\"elementor-container elementor-column-gap-default\">\n\t\t\t\t\t<div class=\"elementor-column elementor-col-100 elementor-top-column elementor-element elementor-element-1b7591b\" data-id=\"1b7591b\" data-element_type=\"column\" data-e-type=\"column\">\n\t\t\t<div class=\"elementor-widget-wrap elementor-element-populated\">\n\t\t\t\t\t\t<div class=\"elementor-element elementor-element-1723297 elementor-widget elementor-widget-text-editor\" data-id=\"1723297\" data-element_type=\"widget\" data-e-type=\"widget\" data-widget_type=\"text-editor.default\">\n\t\t\t\t<div class=\"elementor-widget-container\">\n\t\t\t\t\t\t\t\t\t<p>La cr\u00e9ation de cette formation n\u2019aurait pas \u00e9t\u00e9 possible sans la participation de nombreux expert\u00b7e\u00b7s qui ont contribu\u00e9 aux r\u00e9flexions et\/ou ont accept\u00e9 de partager leurs connaissances par vid\u00e9o ou bande audio. Notez qu\u2019elles et ils n\u2019ont pas particip\u00e9 \u00e0 la conception et r\u00e9daction finales de l\u2019ensemble de la formation. En voici la liste :&nbsp;<\/p>\n<ol>\n<li aria-level=\"1\">Cloos Patrick, UdeM, Facult\u00e9 des arts et des sciences &#8211; \u00c9cole de travail social<\/li>\n<li aria-level=\"1\">Cr\u00e9peau Fran\u00e7ois, McGill University, Facult\u00e9 de droit<\/li>\n<li aria-level=\"1\">Denis Chantal, ex-mairesse de Saint-Antoine-sur-Richelieu<\/li>\n<li aria-level=\"1\">Drudi Guy, Pr\u00e9sident, <span style=\"text-decoration: underline;\"><a href=\"https:\/\/lamaisonnee.org\/fr\/\" target=\"_blank\" rel=\"noopener\">La Maisonn\u00e9e service d&rsquo;aide et de liaison pour immigrants&nbsp;<\/a><\/span><\/li>\n<li aria-level=\"1\">Frozzini Jorge, UQAC, Titulaire de la Chaire de recherche du Canada en communication interculturelle et technologies de gestion en contexte pluraliste<\/li>\n<li aria-level=\"1\">Gachon Philippe, UQAM, D\u00e9partement de g\u00e9ographie<\/li>\n<li aria-level=\"1\">Gagnon M\u00e9lanie M., Centre d&rsquo;expertise sur le bien-\u00eatre et l&rsquo;\u00e9tat de sant\u00e9 physique des r\u00e9fugi\u00e9s et des demandeurs d&rsquo;asile (CERDA) du CIUSSS du Centre-Ouest-de-l&rsquo;\u00cele-de-Montr\u00e9al (Participation pour l&rsquo;introduction du module 4 et le tableau des couvertures de sant\u00e9 selon les statuts migratoires)<\/li>\n<li aria-level=\"1\">Goudet Anna, candidate au doctorat, \u00e9tudes urbaines au&nbsp;<a href=\"https:\/\/inrs.ca\/linrs\/centres-de-recherche\/centre-urbanisation-culture-societe\/\" target=\"_blank\" rel=\"noopener\"><span style=\"text-decoration: underline;\">Centre Urbanisation Culture et Soci\u00e9t\u00e9<\/span><\/a>&nbsp;de l\u2019Institut national de recherche scientifique (INRS-UCS)<\/li>\n<li aria-level=\"1\">Hans Asha, codirectrice du Pakistan-India People\u2019s Forum for Peace and Democracy, professeure \u00e9m\u00e9rite de sciences politiques et fondatrice-directrice de la School of Women\u2019s Studies \u00e0 l&rsquo;Universit\u00e9 de Utkal en Inde<\/li>\n<li aria-level=\"1\">Henderson Sarah, Universit\u00e9 de la Colombie-Britannique, directrice scientifique des Environmental Health Services du British Columbia Centre for Disease Control<i> <\/i>et du Centre de collaboration nationale en sant\u00e9 environnementale<\/li>\n<li aria-level=\"1\">Jodoin S\u00e9bastien, McGill University, Facult\u00e9 de droit<\/li>\n<li aria-level=\"1\">Lafond Audrey, UQAR, travailleuse sociale au Centre int\u00e9gr\u00e9 de sant\u00e9 et de services sociaux de Chaudi\u00e8re-Appalaches<\/li>\n<li aria-level=\"1\">Lessard Lily, UQAR, D\u00e9partement des sciences de la sant\u00e9, Chaire de recherche interdisciplinaire Sant\u00e9 et services sociaux en milieu rural<\/li>\n<li aria-level=\"1\">Maillet Lara, ENAP<\/li>\n<li aria-level=\"1\">Minville Genevi\u00e8ve, Centre d&rsquo;expertise sur le bien-\u00eatre et l&rsquo;\u00e9tat de sant\u00e9 physique des r\u00e9fugi\u00e9s et des demandeurs d&rsquo;asile (CERDA) du CIUSSS du Centre-Ouest-de-l&rsquo;\u00cele-de-Montr\u00e9al (Participation pour l&rsquo;introduction du module 4 et le tableau des couvertures de sant\u00e9 selon les statuts migratoires)<\/li>\n<li aria-level=\"1\">Noisel Nolwenn, UdeM, ESPUM, Sant\u00e9 environnementale<\/li>\n<li aria-level=\"1\">Othman Hameza Responsables des services de premi\u00e8re ligne, <span style=\"text-decoration: underline;\"><a href=\"https:\/\/lamaisonnee.org\/fr\/\" target=\"_blank\" rel=\"noopener\">La Maisonn\u00e9e service d&rsquo;aide et de liaison pour immigrants<\/a><\/span><\/li>\n<li aria-level=\"1\">Rodon Thierry, ULaval, Facult\u00e9 des sciences sociales, Titulaire de la <a href=\"https:\/\/www.chairedeveloppementnord.ulaval.ca\/\" target=\"_blank\" rel=\"noopener\"><span style=\"text-decoration: underline;\">Chaire de recherche sur le d\u00e9veloppement durable du Nord<\/span><\/a><\/li>\n<li aria-level=\"1\">Schriever Sophie, candidate au doctorat, International Studies, Universit\u00e9 Laval et University of Amsterdam.<\/li>\n<li aria-level=\"1\">Simard Mathieu, UQAC, D\u00e9partement des sciences de la sant\u00e9, Candidat au doctorat \u00e0 l\u2019Universit\u00e9 McGill, Physioth\u00e9rapeute<\/li>\n<li aria-level=\"1\">Tardif Isabelle, Direction de sant\u00e9 publique de la Mont\u00e9r\u00e9gie<\/li>\n<li aria-level=\"1\">Tremblay Marie-Claude, Universit\u00e9 Laval, D\u00e9partement de m\u00e9decine familiale et m\u00e9decine d&rsquo;urgence&nbsp;<\/li>\n<li aria-level=\"1\">Trosseille No\u00e9mie, Centre d&rsquo;expertise sur le bien-\u00eatre et l&rsquo;\u00e9tat de sant\u00e9 physique des r\u00e9fugi\u00e9s et des demandeurs d&rsquo;asile (CERDA) du CIUSSS du Centre-Ouest-de-l&rsquo;\u00cele-de-Montr\u00e9al (Participation pour l&rsquo;introduction du module 4 et le tableau des couvertures de sant\u00e9 selon les statuts migratoires)<\/li>\n<li aria-level=\"1\">Turmel Joanie, Travailleuse sociale, UQAR, Professionnelle de recherche pour la Chaire interdisciplinaire sur la sant\u00e9 et les services sociaux pour les populations rurales<\/li>\n<li aria-level=\"1\">Weinstock Daniel, McGill University, Professeur titulaire, Vice-doyen \u00e0 la recherche, Titulaire de la Chaire Katharine A. Pearson en soci\u00e9t\u00e9 civile et politiques publiques<\/li>\n<li aria-level=\"1\">Zinszer Kate, UdeM, ESPUM<\/li>\n<\/ol>\t\t\t\t\t\t\t\t<\/div>\n\t\t\t\t<\/div>\n\t\t\t\t\t<\/div>\n\t\t<\/div>\n\t\t\t\t\t<\/div>\n\t\t<\/section>\n\t\t\t\t<\/div>\n\t\t","protected":false},"excerpt":{"rendered":"<p>Matthew Hunt Matthew Hunt PT, PhD, est professeur agr\u00e9g\u00e9 \u00e0 l\u2019\u00c9cole de physioth\u00e9rapie et d\u2019ergoth\u00e9rapie de l\u2018Universit\u00e9 McGill et chercheur au Centre de recherche interdisciplinaire en r\u00e9adaptation. Il dirige l\u2019axe \u00c9thique du R\u00e9seau de recherche en sant\u00e9 des populations du Qu\u00e9bec (RRSPQ) et ses recherches portent sur l\u2019\u00e9thique, la sant\u00e9 mondiale et la r\u00e9adaptation. Lisa&#8230;<\/p>\n","protected":false},"author":1,"featured_media":0,"parent":1396,"menu_order":0,"comment_status":"closed","ping_status":"closed","template":"","meta":{"footnotes":""},"class_list":["post-1412","page","type-page","status-publish","hentry"],"_links":{"self":[{"href":"https:\/\/climigrant.org\/formation\/wp-json\/wp\/v2\/pages\/1412","targetHints":{"allow":["GET"]}}],"collection":[{"href":"https:\/\/climigrant.org\/formation\/wp-json\/wp\/v2\/pages"}],"about":[{"href":"https:\/\/climigrant.org\/formation\/wp-json\/wp\/v2\/types\/page"}],"author":[{"embeddable":true,"href":"https:\/\/climigrant.org\/formation\/wp-json\/wp\/v2\/users\/1"}],"replies":[{"embeddable":true,"href":"https:\/\/climigrant.org\/formation\/wp-json\/wp\/v2\/comments?post=1412"}],"version-history":[{"count":40,"href":"https:\/\/climigrant.org\/formation\/wp-json\/wp\/v2\/pages\/1412\/revisions"}],"predecessor-version":[{"id":12255,"href":"https:\/\/climigrant.org\/formation\/wp-json\/wp\/v2\/pages\/1412\/revisions\/12255"}],"up":[{"embeddable":true,"href":"https:\/\/climigrant.org\/formation\/wp-json\/wp\/v2\/pages\/1396"}],"wp:attachment":[{"href":"https:\/\/climigrant.org\/formation\/wp-json\/wp\/v2\/media?parent=1412"}],"curies":[{"name":"wp","href":"https:\/\/api.w.org\/{rel}","templated":true}]}}