{"id":10975,"date":"2024-06-14T14:22:36","date_gmt":"2024-06-14T14:22:36","guid":{"rendered":"https:\/\/climigrant.org\/formation\/?page_id=10975"},"modified":"2025-04-16T18:28:02","modified_gmt":"2025-04-16T18:28:02","slug":"accreditation","status":"publish","type":"page","link":"https:\/\/climigrant.org\/formation\/accreditation\/","title":{"rendered":"Certificat de formation et accr\u00e9ditation"},"content":{"rendered":"\t\t<div data-elementor-type=\"wp-page\" data-elementor-id=\"10975\" class=\"elementor elementor-10975\" data-elementor-post-type=\"page\">\n\t\t\t\t\t\t<section class=\"elementor-section elementor-top-section elementor-element elementor-element-a6b52d6 elementor-section-boxed elementor-section-height-default elementor-section-height-default\" data-id=\"a6b52d6\" data-element_type=\"section\" data-e-type=\"section\">\n\t\t\t\t\t\t<div class=\"elementor-container elementor-column-gap-default\">\n\t\t\t\t\t<div class=\"elementor-column elementor-col-66 elementor-top-column elementor-element elementor-element-8eb4e0a\" data-id=\"8eb4e0a\" data-element_type=\"column\" data-e-type=\"column\">\n\t\t\t<div class=\"elementor-widget-wrap elementor-element-populated\">\n\t\t\t\t\t\t<div class=\"elementor-element elementor-element-74cefba elementor-widget elementor-widget-text-editor\" data-id=\"74cefba\" data-element_type=\"widget\" data-e-type=\"widget\" data-widget_type=\"text-editor.default\">\n\t\t\t\t<div class=\"elementor-widget-container\">\n\t\t\t\t\t\t\t\t\t<p>Toutes les personnes qui terminent la formation recevront imm\u00e9diatement <b>un certificat de formation g\u00e9n\u00e9rique.<\/b><\/p><p><strong>La Facult\u00e9 des sciences infirmi\u00e8res (FSI) de l&rsquo;Universit\u00e9 de Montr\u00e9al<\/strong> reconna\u00eet \u00e9galement \u00e0 la pr\u00e9sente activit\u00e9, 8 heures de formation accr\u00e9dit\u00e9es. Les personnes qui souhaitent obtenir l\u2019accr\u00e9ditation sont invit\u00e9es \u00e0 compl\u00e9ter <strong>ce formulaire<\/strong> :<\/p>\t\t\t\t\t\t\t\t<\/div>\n\t\t\t\t<\/div>\n\t\t\t\t<div class=\"elementor-element elementor-element-900119f elementor-widget elementor-widget-edubin-contactform-addons\" data-id=\"900119f\" data-element_type=\"widget\" data-e-type=\"widget\" data-widget_type=\"edubin-contactform-addons.default\">\n\t\t\t\t<div class=\"elementor-widget-container\">\n\t\t\t\t\t<div class=\"edubin-form-wrapper\" >\n<div class=\"wpcf7 no-js\" id=\"wpcf7-f11032-o1\" lang=\"en-US\" dir=\"ltr\" data-wpcf7-id=\"11032\">\n<div class=\"screen-reader-response\"><p role=\"status\" aria-live=\"polite\" aria-atomic=\"true\"><\/p> <ul><\/ul><\/div>\n<form action=\"\/formation\/wp-json\/wp\/v2\/pages\/10975#wpcf7-f11032-o1\" method=\"post\" class=\"wpcf7-form init\" aria-label=\"Contact form\" novalidate=\"novalidate\" data-status=\"init\">\n<fieldset class=\"hidden-fields-container\"><input type=\"hidden\" name=\"_wpcf7\" value=\"11032\" \/><input type=\"hidden\" name=\"_wpcf7_version\" value=\"6.1.5\" \/><input type=\"hidden\" name=\"_wpcf7_locale\" value=\"en_US\" \/><input type=\"hidden\" name=\"_wpcf7_unit_tag\" value=\"wpcf7-f11032-o1\" \/><input type=\"hidden\" name=\"_wpcf7_container_post\" value=\"0\" \/><input type=\"hidden\" name=\"_wpcf7_posted_data_hash\" value=\"\" \/><input type=\"hidden\" name=\"_wpcf7_recaptcha_response\" value=\"\" \/>\n<\/fieldset>\n<p><label> Titre<br \/>\n<span class=\"wpcf7-form-control-wrap\" data-name=\"titre\"><input size=\"40\" maxlength=\"400\" class=\"wpcf7-form-control wpcf7-text\" aria-invalid=\"false\" placeholder=\"(Monsieur, Madame, Autre)\" value=\"\" type=\"text\" name=\"titre\" \/><\/span> <\/label>\n<\/p>\n<p><label> Nom et pr\u00e9nom<br \/>\n<span class=\"wpcf7-form-control-wrap\" data-name=\"your-name\"><input size=\"40\" maxlength=\"400\" class=\"wpcf7-form-control wpcf7-text wpcf7-validates-as-required\" autocomplete=\"name\" aria-required=\"true\" aria-invalid=\"false\" value=\"\" type=\"text\" name=\"your-name\" \/><\/span> <\/label>\n<\/p>\n<p><label> Courriel<br \/>\n<span class=\"wpcf7-form-control-wrap\" data-name=\"your-email\"><input size=\"40\" maxlength=\"400\" class=\"wpcf7-form-control wpcf7-email wpcf7-validates-as-required wpcf7-text wpcf7-validates-as-email\" autocomplete=\"email\" aria-required=\"true\" aria-invalid=\"false\" value=\"\" type=\"email\" name=\"your-email\" \/><\/span> <\/label>\n<\/p>\n<p><label> Num\u00e9ro de permis d'exercice OIIQ<br \/>\n<span class=\"wpcf7-form-control-wrap\" data-name=\"numero-permis\"><input size=\"40\" maxlength=\"400\" class=\"wpcf7-form-control wpcf7-text wpcf7-validates-as-required\" aria-required=\"true\" aria-invalid=\"false\" value=\"\" type=\"text\" name=\"numero-permis\" \/><\/span> <\/label>\n<\/p>\n<p><input class=\"wpcf7-form-control wpcf7-submit has-spinner\" type=\"submit\" value=\"Envoyer\" \/>\n<\/p><div class=\"wpcf7-response-output\" aria-hidden=\"true\"><\/div>\n<\/form>\n<\/div>\n<\/div>\t\t\t\t<\/div>\n\t\t\t\t<\/div>\n\t\t\t\t<div class=\"elementor-element elementor-element-13fcb7f elementor-widget elementor-widget-text-editor\" data-id=\"13fcb7f\" data-element_type=\"widget\" data-e-type=\"widget\" data-widget_type=\"text-editor.default\">\n\t\t\t\t<div class=\"elementor-widget-container\">\n\t\t\t\t\t\t\t\t\t<p>Cette accr\u00e9ditation est <strong>gratuite<\/strong>. Pour des raisons administratives, ce certificat d\u2019accr\u00e9ditation ne sera \u00e9mis qu\u2019\u00e0 des p\u00e9riodes pr\u00e9cises de l\u2019ann\u00e9e, quelle que soit la date o\u00f9 le ou la participant\u00b7e a termin\u00e9 la formation.<\/p>\n<p>Pour plus d\u2019informations, contactez<a href=\"mailto:info@climigrant.org\"> info@climigrant.org<\/a>.<\/p>\t\t\t\t\t\t\t\t<\/div>\n\t\t\t\t<\/div>\n\t\t\t\t<div class=\"elementor-element elementor-element-a15fa9b elementor-widget elementor-widget-button\" data-id=\"a15fa9b\" data-element_type=\"widget\" data-e-type=\"widget\" data-widget_type=\"button.default\">\n\t\t\t\t<div class=\"elementor-widget-container\">\n\t\t\t\t\t\t\t\t\t<div class=\"elementor-button-wrapper\">\n\t\t\t\t\t<a class=\"elementor-button elementor-button-link elementor-size-sm\" href=\"https:\/\/climigrant.org\/formation\/courses\/les-migrations-climatiques\/\">\n\t\t\t\t\t\t<span class=\"elementor-button-content-wrapper\">\n\t\t\t\t\t\t\t\t\t<span class=\"elementor-button-text\">Commencez la formation<\/span>\n\t\t\t\t\t<\/span>\n\t\t\t\t\t<\/a>\n\t\t\t\t<\/div>\n\t\t\t\t\t\t\t\t<\/div>\n\t\t\t\t<\/div>\n\t\t\t\t\t<\/div>\n\t\t<\/div>\n\t\t\t\t<div class=\"elementor-column elementor-col-33 elementor-top-column elementor-element elementor-element-faf30e1\" data-id=\"faf30e1\" data-element_type=\"column\" data-e-type=\"column\">\n\t\t\t<div class=\"elementor-widget-wrap elementor-element-populated\">\n\t\t\t\t\t\t<div class=\"elementor-element elementor-element-597408e elementor-widget elementor-widget-image\" data-id=\"597408e\" data-element_type=\"widget\" data-e-type=\"widget\" data-widget_type=\"image.default\">\n\t\t\t\t<div class=\"elementor-widget-container\">\n\t\t\t\t\t\t\t\t\t\t\t\t\t\t\t<img decoding=\"async\" width=\"150\" height=\"150\" src=\"https:\/\/climigrant.org\/formation\/wp-content\/uploads\/2024\/06\/certificat-detudes-document-dessine-a-la-main-150x150.png\" class=\"attachment-thumbnail size-thumbnail wp-image-10980\" alt=\"\" srcset=\"https:\/\/climigrant.org\/formation\/wp-content\/uploads\/2024\/06\/certificat-detudes-document-dessine-a-la-main-150x150.png 150w, https:\/\/climigrant.org\/formation\/wp-content\/uploads\/2024\/06\/certificat-detudes-document-dessine-a-la-main-300x300.png 300w, https:\/\/climigrant.org\/formation\/wp-content\/uploads\/2024\/06\/certificat-detudes-document-dessine-a-la-main-100x100.png 100w, https:\/\/climigrant.org\/formation\/wp-content\/uploads\/2024\/06\/certificat-detudes-document-dessine-a-la-main.png 512w\" sizes=\"(max-width: 150px) 100vw, 150px\" \/>\t\t\t\t\t\t\t\t\t\t\t\t\t\t\t<\/div>\n\t\t\t\t<\/div>\n\t\t\t\t\t<\/div>\n\t\t<\/div>\n\t\t\t\t\t<\/div>\n\t\t<\/section>\n\t\t\t\t<\/div>\n\t\t","protected":false},"excerpt":{"rendered":"<p>Toutes les personnes qui terminent la formation recevront imm\u00e9diatement un certificat de formation g\u00e9n\u00e9rique. La Facult\u00e9 des sciences infirmi\u00e8res (FSI) de l&rsquo;Universit\u00e9 de Montr\u00e9al reconna\u00eet \u00e9galement \u00e0 la pr\u00e9sente activit\u00e9, 8 heures de formation accr\u00e9dit\u00e9es. Les personnes qui souhaitent obtenir l\u2019accr\u00e9ditation sont invit\u00e9es \u00e0 compl\u00e9ter ce formulaire : Titre Nom et pr\u00e9nom Courriel Num\u00e9ro de&#8230;<\/p>\n","protected":false},"author":1,"featured_media":0,"parent":0,"menu_order":0,"comment_status":"closed","ping_status":"closed","template":"","meta":{"footnotes":""},"class_list":["post-10975","page","type-page","status-publish","hentry"],"_links":{"self":[{"href":"https:\/\/climigrant.org\/formation\/wp-json\/wp\/v2\/pages\/10975","targetHints":{"allow":["GET"]}}],"collection":[{"href":"https:\/\/climigrant.org\/formation\/wp-json\/wp\/v2\/pages"}],"about":[{"href":"https:\/\/climigrant.org\/formation\/wp-json\/wp\/v2\/types\/page"}],"author":[{"embeddable":true,"href":"https:\/\/climigrant.org\/formation\/wp-json\/wp\/v2\/users\/1"}],"replies":[{"embeddable":true,"href":"https:\/\/climigrant.org\/formation\/wp-json\/wp\/v2\/comments?post=10975"}],"version-history":[{"count":31,"href":"https:\/\/climigrant.org\/formation\/wp-json\/wp\/v2\/pages\/10975\/revisions"}],"predecessor-version":[{"id":12261,"href":"https:\/\/climigrant.org\/formation\/wp-json\/wp\/v2\/pages\/10975\/revisions\/12261"}],"wp:attachment":[{"href":"https:\/\/climigrant.org\/formation\/wp-json\/wp\/v2\/media?parent=10975"}],"curies":[{"name":"wp","href":"https:\/\/api.w.org\/{rel}","templated":true}]}}