{"id":11538,"date":"2022-10-11T13:08:45","date_gmt":"2022-10-11T13:08:45","guid":{"rendered":"https:\/\/climigrant.org\/formation\/financement\/"},"modified":"2025-04-22T16:41:39","modified_gmt":"2025-04-22T16:41:39","slug":"financement","status":"publish","type":"page","link":"https:\/\/climigrant.org\/formation\/en\/la-formation\/financement\/","title":{"rendered":"Funding"},"content":{"rendered":"\t\t<div data-elementor-type=\"wp-page\" data-elementor-id=\"11538\" class=\"elementor elementor-11538 elementor-1394\" data-elementor-post-type=\"page\">\n\t\t\t\t\t\t<section class=\"elementor-section elementor-top-section elementor-element elementor-element-6ffd762e elementor-section-boxed elementor-section-height-default elementor-section-height-default\" data-id=\"6ffd762e\" data-element_type=\"section\" data-e-type=\"section\">\n\t\t\t\t\t\t<div class=\"elementor-container elementor-column-gap-default\">\n\t\t\t\t\t<div class=\"elementor-column elementor-col-100 elementor-top-column elementor-element elementor-element-287d4dc4\" data-id=\"287d4dc4\" data-element_type=\"column\" data-e-type=\"column\">\n\t\t\t<div class=\"elementor-widget-wrap elementor-element-populated\">\n\t\t\t\t\t\t<div class=\"elementor-element elementor-element-7f04941 elementor-widget elementor-widget-text-editor\" data-id=\"7f04941\" data-element_type=\"widget\" data-e-type=\"widget\" data-widget_type=\"text-editor.default\">\n\t\t\t\t<div class=\"elementor-widget-container\">\n\t\t\t\t\t\t\t\t\t<p><span style=\"font-weight: 400;\">This project is funded by the Ethics and Global Health Axes of the <\/span><span style=\"text-decoration: underline;\"><strong><a href=\"https:\/\/www.santepop.qc.ca\/en\">Qu\u00e9bec Population Health Research Network (QPHRN)<\/a><\/strong><\/span><span style=\"font-weight: 400;\"> and <\/span><b>Universit\u00e9 de Montr\u00e9al<\/b><span style=\"font-weight: 400;\"> (thanks to a Special Project Grant from the Vice-Rectorate of Research, Discovery, Creation and Innovation).<\/span><\/p>\t\t\t\t\t\t\t\t<\/div>\n\t\t\t\t<\/div>\n\t\t\t\t\t<\/div>\n\t\t<\/div>\n\t\t\t\t\t<\/div>\n\t\t<\/section>\n\t\t\t\t<section class=\"elementor-section elementor-top-section elementor-element elementor-element-1ddfe52 elementor-section-content-middle elementor-section-boxed elementor-section-height-default elementor-section-height-default\" data-id=\"1ddfe52\" data-element_type=\"section\" data-e-type=\"section\">\n\t\t\t\t\t\t<div class=\"elementor-container elementor-column-gap-default\">\n\t\t\t\t\t<div class=\"elementor-column elementor-col-33 elementor-top-column elementor-element elementor-element-21e06e8\" data-id=\"21e06e8\" data-element_type=\"column\" data-e-type=\"column\">\n\t\t\t<div class=\"elementor-widget-wrap elementor-element-populated\">\n\t\t\t\t\t\t<div class=\"elementor-element elementor-element-50d20b3 elementor-widget elementor-widget-image\" data-id=\"50d20b3\" data-element_type=\"widget\" data-e-type=\"widget\" data-widget_type=\"image.default\">\n\t\t\t\t<div class=\"elementor-widget-container\">\n\t\t\t\t\t\t\t\t\t\t\t\t\t\t\t<img decoding=\"async\" src=\"https:\/\/climigrant.org\/formation\/wp-content\/uploads\/elementor\/thumbs\/santepop-FR-q804r7l9886bm5djb6wwouh8zjubzche6fco39ersk.png\" title=\"santepop FR\" alt=\"santepop FR\" loading=\"lazy\" \/>\t\t\t\t\t\t\t\t\t\t\t\t\t\t\t<\/div>\n\t\t\t\t<\/div>\n\t\t\t\t\t<\/div>\n\t\t<\/div>\n\t\t\t\t<div class=\"elementor-column elementor-col-33 elementor-top-column elementor-element elementor-element-b453602\" data-id=\"b453602\" data-element_type=\"column\" data-e-type=\"column\">\n\t\t\t<div class=\"elementor-widget-wrap elementor-element-populated\">\n\t\t\t\t\t\t<div class=\"elementor-element elementor-element-880e67c elementor-widget elementor-widget-image\" data-id=\"880e67c\" data-element_type=\"widget\" data-e-type=\"widget\" data-widget_type=\"image.default\">\n\t\t\t\t<div class=\"elementor-widget-container\">\n\t\t\t\t\t\t\t\t\t\t\t\t\t\t\t<img decoding=\"async\" src=\"https:\/\/climigrant.org\/formation\/wp-content\/uploads\/elementor\/thumbs\/frq_logo_couleur-r0mr24k6xw083e0b627vpfg2g5vq8fgd7wfzqv273o.png\" title=\"frq_logo_couleur\" alt=\"frq_logo_couleur\" loading=\"lazy\" \/>\t\t\t\t\t\t\t\t\t\t\t\t\t\t\t<\/div>\n\t\t\t\t<\/div>\n\t\t\t\t\t<\/div>\n\t\t<\/div>\n\t\t\t\t<div class=\"elementor-column elementor-col-33 elementor-top-column elementor-element elementor-element-e7d0eaa\" data-id=\"e7d0eaa\" data-element_type=\"column\" data-e-type=\"column\">\n\t\t\t<div class=\"elementor-widget-wrap elementor-element-populated\">\n\t\t\t\t\t\t<div class=\"elementor-element elementor-element-12c7c09 elementor-widget elementor-widget-image\" data-id=\"12c7c09\" data-element_type=\"widget\" data-e-type=\"widget\" data-widget_type=\"image.default\">\n\t\t\t\t<div class=\"elementor-widget-container\">\n\t\t\t\t\t\t\t\t\t\t\t\t\t\t\t<img decoding=\"async\" src=\"https:\/\/climigrant.org\/formation\/wp-content\/uploads\/elementor\/thumbs\/Universite_de_Montreal_logo.svg_-r0mr22ohyajpvgobfmb9ryeyxn9a43mmwhlcq35uv0.png\" title=\"Universite_de_Montreal_logo.svg\" alt=\"Universite_de_Montreal_logo.svg\" loading=\"lazy\" \/>\t\t\t\t\t\t\t\t\t\t\t\t\t\t\t<\/div>\n\t\t\t\t<\/div>\n\t\t\t\t\t<\/div>\n\t\t<\/div>\n\t\t\t\t\t<\/div>\n\t\t<\/section>\n\t\t\t\t<section class=\"elementor-section elementor-top-section elementor-element elementor-element-2a416a1 elementor-section-boxed elementor-section-height-default elementor-section-height-default\" data-id=\"2a416a1\" data-element_type=\"section\" data-e-type=\"section\">\n\t\t\t\t\t\t<div class=\"elementor-container elementor-column-gap-default\">\n\t\t\t\t\t<div class=\"elementor-column elementor-col-100 elementor-top-column elementor-element elementor-element-c04893c\" data-id=\"c04893c\" data-element_type=\"column\" data-e-type=\"column\">\n\t\t\t<div class=\"elementor-widget-wrap elementor-element-populated\">\n\t\t\t\t\t\t<div class=\"elementor-element elementor-element-861c2df elementor-widget elementor-widget-text-editor\" data-id=\"861c2df\" data-element_type=\"widget\" data-e-type=\"widget\" data-widget_type=\"text-editor.default\">\n\t\t\t\t<div class=\"elementor-widget-container\">\n\t\t\t\t\t\t\t\t\t<p><span style=\"font-weight: 400;\">Created in 2002 and funded by the <\/span><span style=\"text-decoration: underline;\"><strong><a href=\"https:\/\/frq.gouv.qc.ca\/en\/health\/\">Fonds de recherche du Qu\u00e9bec &#8211; Sant\u00e9 (FRQS)<\/a><\/strong><\/span><span style=\"font-weight: 400;\">, the QPHRN was a group of researchers in the field of population health working to identify, understand, and act on social determinants of health. They were committed to maximizing research impact on the healthcare system and on the elaboration of public health and population health policies.<\/span><\/p>\t\t\t\t\t\t\t\t<\/div>\n\t\t\t\t<\/div>\n\t\t\t\t\t<\/div>\n\t\t<\/div>\n\t\t\t\t\t<\/div>\n\t\t<\/section>\n\t\t\t\t<\/div>\n\t\t","protected":false},"excerpt":{"rendered":"<p>This project is funded by the Ethics and Global Health Axes of the Qu\u00e9bec Population Health Research Network (QPHRN) and Universit\u00e9 de Montr\u00e9al (thanks to a Special Project Grant from the Vice-Rectorate of Research, Discovery, Creation and Innovation). Created in 2002 and funded by the Fonds de recherche du Qu\u00e9bec &#8211; Sant\u00e9 (FRQS), the QPHRN&#8230;<\/p>\n","protected":false},"author":1,"featured_media":0,"parent":11539,"menu_order":0,"comment_status":"closed","ping_status":"closed","template":"","meta":{"footnotes":""},"class_list":["post-11538","page","type-page","status-publish","hentry"],"_links":{"self":[{"href":"https:\/\/climigrant.org\/formation\/en\/wp-json\/wp\/v2\/pages\/11538","targetHints":{"allow":["GET"]}}],"collection":[{"href":"https:\/\/climigrant.org\/formation\/en\/wp-json\/wp\/v2\/pages"}],"about":[{"href":"https:\/\/climigrant.org\/formation\/en\/wp-json\/wp\/v2\/types\/page"}],"author":[{"embeddable":true,"href":"https:\/\/climigrant.org\/formation\/en\/wp-json\/wp\/v2\/users\/1"}],"replies":[{"embeddable":true,"href":"https:\/\/climigrant.org\/formation\/en\/wp-json\/wp\/v2\/comments?post=11538"}],"version-history":[{"count":8,"href":"https:\/\/climigrant.org\/formation\/en\/wp-json\/wp\/v2\/pages\/11538\/revisions"}],"predecessor-version":[{"id":12445,"href":"https:\/\/climigrant.org\/formation\/en\/wp-json\/wp\/v2\/pages\/11538\/revisions\/12445"}],"up":[{"embeddable":true,"href":"https:\/\/climigrant.org\/formation\/en\/wp-json\/wp\/v2\/pages\/11539"}],"wp:attachment":[{"href":"https:\/\/climigrant.org\/formation\/en\/wp-json\/wp\/v2\/media?parent=11538"}],"curies":[{"name":"wp","href":"https:\/\/api.w.org\/{rel}","templated":true}]}}