{"id":11537,"date":"2022-10-11T14:11:15","date_gmt":"2022-10-11T14:11:15","guid":{"rendered":"https:\/\/climigrant.org\/formation\/equipe-de-travail\/"},"modified":"2025-04-22T16:45:45","modified_gmt":"2025-04-22T16:45:45","slug":"equipe-de-travail","status":"publish","type":"page","link":"https:\/\/climigrant.org\/formation\/en\/la-formation\/equipe-de-travail\/","title":{"rendered":"The Team"},"content":{"rendered":"\t\t<div data-elementor-type=\"wp-page\" data-elementor-id=\"11537\" class=\"elementor elementor-11537 elementor-1412\" data-elementor-post-type=\"page\">\n\t\t\t\t\t\t<section class=\"elementor-section elementor-top-section elementor-element elementor-element-d2dff92 elementor-section-boxed elementor-section-height-default elementor-section-height-default\" data-id=\"d2dff92\" data-element_type=\"section\" data-e-type=\"section\">\n\t\t\t\t\t\t<div class=\"elementor-container elementor-column-gap-default\">\n\t\t\t\t\t<div class=\"elementor-column elementor-col-50 elementor-top-column elementor-element elementor-element-9a035e3\" data-id=\"9a035e3\" data-element_type=\"column\" data-e-type=\"column\">\n\t\t\t<div class=\"elementor-widget-wrap elementor-element-populated\">\n\t\t\t\t\t\t<div class=\"elementor-element elementor-element-365eff5 elementor-widget elementor-widget-text-editor\" data-id=\"365eff5\" data-element_type=\"widget\" data-e-type=\"widget\" data-widget_type=\"text-editor.default\">\n\t\t\t\t<div class=\"elementor-widget-container\">\n\t\t\t\t\t\t\t\t\t<h4>Matthew Hunt<\/h4><p>Matthew Hunt, PT, PhD, is an Associate Professor at McGill University\u2019s School of Physical and Occupational Therapy, and a researcher at the Centre for Interdisciplinary Research in Rehabilitation. He is also the scientific director of the Ethics Axis of the Qu\u00e9bec Population Health Research Network (QPHRN). His work is at the intersection of ethics, rehabilitation, and global health.<\/p>\t\t\t\t\t\t\t\t<\/div>\n\t\t\t\t<\/div>\n\t\t\t\t\t<\/div>\n\t\t<\/div>\n\t\t\t\t<div class=\"elementor-column elementor-col-50 elementor-top-column elementor-element elementor-element-9c0d58b\" data-id=\"9c0d58b\" data-element_type=\"column\" data-e-type=\"column\">\n\t\t\t<div class=\"elementor-widget-wrap elementor-element-populated\">\n\t\t\t\t\t\t<div class=\"elementor-element elementor-element-ec78d60 elementor-widget elementor-widget-text-editor\" data-id=\"ec78d60\" data-element_type=\"widget\" data-e-type=\"widget\" data-widget_type=\"text-editor.default\">\n\t\t\t\t<div class=\"elementor-widget-container\">\n\t\t\t\t\t\t\t\t\t<h4>Lisa Merry<\/h4><p>Lisa Merry, RN, PhD, is an Associate Professor in the Faculty of Nursing at Universit\u00e9 de Montr\u00e9al. She leads the Global Health Axis of the Qu\u00e9bec Population Health Research Network (QPHRN). Merry has over 15 years\u2019 experience working as a researcher with migrant populations, especially pregnant women and new mothers.<\/p>\t\t\t\t\t\t\t\t<\/div>\n\t\t\t\t<\/div>\n\t\t\t\t\t<\/div>\n\t\t<\/div>\n\t\t\t\t\t<\/div>\n\t\t<\/section>\n\t\t\t\t<section class=\"elementor-section elementor-top-section elementor-element elementor-element-1d23643 elementor-section-boxed elementor-section-height-default elementor-section-height-default\" data-id=\"1d23643\" data-element_type=\"section\" data-e-type=\"section\">\n\t\t\t\t\t\t<div class=\"elementor-container elementor-column-gap-default\">\n\t\t\t\t\t<div class=\"elementor-column elementor-col-50 elementor-top-column elementor-element elementor-element-51fd221\" data-id=\"51fd221\" data-element_type=\"column\" data-e-type=\"column\">\n\t\t\t<div class=\"elementor-widget-wrap elementor-element-populated\">\n\t\t\t\t\t\t<div class=\"elementor-element elementor-element-13c7f9e elementor-widget elementor-widget-text-editor\" data-id=\"13c7f9e\" data-element_type=\"widget\" data-e-type=\"widget\" data-widget_type=\"text-editor.default\">\n\t\t\t\t<div class=\"elementor-widget-container\">\n\t\t\t\t\t\t\t\t\t<h4>Thierry Hurlimann<\/h4><p>Thierry Hurlimann, BCL, LLM (specialization in bioethics) is the Global Health Axis coordinator and communications manager at QPHRN. His research interests include interdisciplinary research ethics and socioethical issues pertaining to medical technologies like genetic sequencing, through the lens of equity, diversity, and inclusion.<\/p>\t\t\t\t\t\t\t\t<\/div>\n\t\t\t\t<\/div>\n\t\t\t\t\t<\/div>\n\t\t<\/div>\n\t\t\t\t<div class=\"elementor-column elementor-col-50 elementor-top-column elementor-element elementor-element-cf6a764\" data-id=\"cf6a764\" data-element_type=\"column\" data-e-type=\"column\">\n\t\t\t<div class=\"elementor-widget-wrap elementor-element-populated\">\n\t\t\t\t\t\t<div class=\"elementor-element elementor-element-c44f3fa elementor-widget elementor-widget-text-editor\" data-id=\"c44f3fa\" data-element_type=\"widget\" data-e-type=\"widget\" data-widget_type=\"text-editor.default\">\n\t\t\t\t<div class=\"elementor-widget-container\">\n\t\t\t\t\t\t\t\t\t<h4>Sophie Schriever<\/h4><p>Sophie Schriever is a doctoral candidate in International Studies at Universit\u00e9 Laval and the University of Amsterdam. She holds an MSc in International Relations from the University of Amsterdam, and spent two years in Brussels working as a journalist for the German public television service ARD. Her research is focused on the impact of seeing migration as an adaptation strategy to climate change.<\/p>\t\t\t\t\t\t\t\t<\/div>\n\t\t\t\t<\/div>\n\t\t\t\t\t<\/div>\n\t\t<\/div>\n\t\t\t\t\t<\/div>\n\t\t<\/section>\n\t\t\t\t<section class=\"elementor-section elementor-top-section elementor-element elementor-element-3801487 elementor-section-boxed elementor-section-height-default elementor-section-height-default\" data-id=\"3801487\" data-element_type=\"section\" data-e-type=\"section\">\n\t\t\t\t\t\t<div class=\"elementor-container elementor-column-gap-default\">\n\t\t\t\t\t<div class=\"elementor-column elementor-col-50 elementor-top-column elementor-element elementor-element-3893215\" data-id=\"3893215\" data-element_type=\"column\" data-e-type=\"column\">\n\t\t\t<div class=\"elementor-widget-wrap elementor-element-populated\">\n\t\t\t\t\t\t<div class=\"elementor-element elementor-element-3938bb5 elementor-widget elementor-widget-text-editor\" data-id=\"3938bb5\" data-element_type=\"widget\" data-e-type=\"widget\" data-widget_type=\"text-editor.default\">\n\t\t\t\t<div class=\"elementor-widget-container\">\n\t\t\t\t\t\t\t\t\t<h4>Tzvetelina Tzoneva<\/h4><p>Tzvetelina Tzoneva, MSW, MEd, is a doctoral candidate in Social Work at Universit\u00e9 du Qu\u00e9bec \u00e0 Montr\u00e9al (UQAM), and the coordinator of the Ethics Axis at QPHRN. Her research interests include structural, social, and family mechanisms that impact the socialization of young people, as well as exploring their subjective experience of failure and exclusion.<\/p>\t\t\t\t\t\t\t\t<\/div>\n\t\t\t\t<\/div>\n\t\t\t\t\t<\/div>\n\t\t<\/div>\n\t\t\t\t<div class=\"elementor-column elementor-col-50 elementor-top-column elementor-element elementor-element-d684a62\" data-id=\"d684a62\" data-element_type=\"column\" data-e-type=\"column\">\n\t\t\t<div class=\"elementor-widget-wrap elementor-element-populated\">\n\t\t\t\t\t\t<div class=\"elementor-element elementor-element-a5c31dc elementor-widget elementor-widget-text-editor\" data-id=\"a5c31dc\" data-element_type=\"widget\" data-e-type=\"widget\" data-widget_type=\"text-editor.default\">\n\t\t\t\t<div class=\"elementor-widget-container\">\n\t\t\t\t\t\t\t\t\t<h4>Charles Massicotte<\/h4><p>Charles Massicotte has been working as a production assistant on movie sets since he was 18 years old. He has since started his own animation and postproduction studio, where he has produced a number of videoclips and opening credits for feature films. Massicotte also worked as a producer in the Qu\u00e9bec advertising industry for almost 15 years before becoming a filmmaker. He has participated in the production of a number of short films as well as the full-length feature <i>Dead End<\/i>, which won the people\u2019s choice award for the best Canadian film at the Fantasia Festival in the summer of 2018.<\/p>\t\t\t\t\t\t\t\t<\/div>\n\t\t\t\t<\/div>\n\t\t\t\t\t<\/div>\n\t\t<\/div>\n\t\t\t\t\t<\/div>\n\t\t<\/section>\n\t\t\t\t<section class=\"elementor-section elementor-top-section elementor-element elementor-element-887ffa9 elementor-section-boxed elementor-section-height-default elementor-section-height-default\" data-id=\"887ffa9\" data-element_type=\"section\" data-e-type=\"section\">\n\t\t\t\t\t\t<div class=\"elementor-container elementor-column-gap-default\">\n\t\t\t\t\t<div class=\"elementor-column elementor-col-50 elementor-top-column elementor-element elementor-element-f40f511\" data-id=\"f40f511\" data-element_type=\"column\" data-e-type=\"column\">\n\t\t\t<div class=\"elementor-widget-wrap elementor-element-populated\">\n\t\t\t\t\t\t<div class=\"elementor-element elementor-element-3c92763 elementor-widget elementor-widget-text-editor\" data-id=\"3c92763\" data-element_type=\"widget\" data-e-type=\"widget\" data-widget_type=\"text-editor.default\">\n\t\t\t\t<div class=\"elementor-widget-container\">\n\t\t\t\t\t\t\t\t\t<h4>Sergio Luna<\/h4><p>Sergio Luna is a web designer from Mexico who has been perfecting his art in Montr\u00e9al for many years now. Over the course of his long career, he has created attractive and visually appealing websites for a vast array of clients.<\/p>\t\t\t\t\t\t\t\t<\/div>\n\t\t\t\t<\/div>\n\t\t\t\t\t<\/div>\n\t\t<\/div>\n\t\t\t\t<div class=\"elementor-column elementor-col-50 elementor-top-column elementor-element elementor-element-d35b1a3\" data-id=\"d35b1a3\" data-element_type=\"column\" data-e-type=\"column\">\n\t\t\t<div class=\"elementor-widget-wrap elementor-element-populated\">\n\t\t\t\t\t\t<div class=\"elementor-element elementor-element-a2d6b76 elementor-widget elementor-widget-text-editor\" data-id=\"a2d6b76\" data-element_type=\"widget\" data-e-type=\"widget\" data-widget_type=\"text-editor.default\">\n\t\t\t\t<div class=\"elementor-widget-container\">\n\t\t\t\t\t\t\t\t\t<p><span style=\"font-weight: 400;\">The graphic design of this course was inspired by the drawings of <b>Sandra Dumais<\/b>\u2014award-winning artist from Qu\u00e9bec who illustrated the <\/span><a href=\"http:\/\/climigrant.org\/\"><span style=\"font-weight: 400;\">climigrant.org<\/span><\/a><span style=\"font-weight: 400;\"> website. All other graphic elements are copyright free and were drawn from <\/span><a href=\"https:\/\/fr.vecteezy.com\/\"><span style=\"font-weight: 400;\">fr.vecteezy.com<\/span><\/a><span style=\"font-weight: 400;\"> and <\/span><a href=\"http:\/\/www.flaticon.com\/\"><span style=\"font-weight: 400;\">www.flaticon.com<\/span><\/a><span style=\"font-weight: 400;\">.&nbsp;<\/span><\/p>\n<p><span style=\"font-weight: 400;\">This course was translated (from French) by <b>Karolina Roman<\/b>, a doctoral candidate in Translation Studies at McGill University. Her research interests lie at the intersection of sociology, literary translation, and the digital humanities.<\/span><\/p>\t\t\t\t\t\t\t\t<\/div>\n\t\t\t\t<\/div>\n\t\t\t\t\t<\/div>\n\t\t<\/div>\n\t\t\t\t\t<\/div>\n\t\t<\/section>\n\t\t\t\t<section class=\"elementor-section elementor-top-section elementor-element elementor-element-97b8a46 elementor-section-boxed elementor-section-height-default elementor-section-height-default\" data-id=\"97b8a46\" data-element_type=\"section\" data-e-type=\"section\">\n\t\t\t\t\t\t<div class=\"elementor-container elementor-column-gap-default\">\n\t\t\t\t\t<div class=\"elementor-column elementor-col-100 elementor-top-column elementor-element elementor-element-4ca1201\" data-id=\"4ca1201\" data-element_type=\"column\" data-e-type=\"column\">\n\t\t\t<div class=\"elementor-widget-wrap elementor-element-populated\">\n\t\t\t\t\t\t<div class=\"elementor-element elementor-element-9be467d elementor-widget elementor-widget-spacer\" data-id=\"9be467d\" data-element_type=\"widget\" data-e-type=\"widget\" data-widget_type=\"spacer.default\">\n\t\t\t\t<div class=\"elementor-widget-container\">\n\t\t\t\t\t\t\t<div class=\"elementor-spacer\">\n\t\t\t<div class=\"elementor-spacer-inner\"><\/div>\n\t\t<\/div>\n\t\t\t\t\t\t<\/div>\n\t\t\t\t<\/div>\n\t\t\t\t<div class=\"elementor-element elementor-element-70c0047 elementor-widget elementor-widget-heading\" data-id=\"70c0047\" data-element_type=\"widget\" data-e-type=\"widget\" data-widget_type=\"heading.default\">\n\t\t\t\t<div class=\"elementor-widget-container\">\n\t\t\t\t\t<h2 class=\"elementor-heading-title elementor-size-default\">Acknowledgments<\/h2>\t\t\t\t<\/div>\n\t\t\t\t<\/div>\n\t\t\t\t\t<\/div>\n\t\t<\/div>\n\t\t\t\t\t<\/div>\n\t\t<\/section>\n\t\t\t\t<section class=\"elementor-section elementor-top-section elementor-element elementor-element-4d6abb5 elementor-section-boxed elementor-section-height-default elementor-section-height-default\" data-id=\"4d6abb5\" data-element_type=\"section\" data-e-type=\"section\">\n\t\t\t\t\t\t<div class=\"elementor-container elementor-column-gap-default\">\n\t\t\t\t\t<div class=\"elementor-column elementor-col-100 elementor-top-column elementor-element elementor-element-1b7591b\" data-id=\"1b7591b\" data-element_type=\"column\" data-e-type=\"column\">\n\t\t\t<div class=\"elementor-widget-wrap elementor-element-populated\">\n\t\t\t\t\t\t<div class=\"elementor-element elementor-element-1723297 elementor-widget elementor-widget-text-editor\" data-id=\"1723297\" data-element_type=\"widget\" data-e-type=\"widget\" data-widget_type=\"text-editor.default\">\n\t\t\t\t<div class=\"elementor-widget-container\">\n\t\t\t\t\t\t\t\t\t<p><span style=\"font-weight: 400;\">This course would not exist without the input of a number of experts who helped think up the contents of these modules and shared their knowledge in video or audio recordings. (Please note that they did not participate in the creation and writing of the course.)<\/span><\/p><ol><li style=\"font-weight: 400;\" aria-level=\"1\"><span style=\"font-weight: 400;\">Cloos Patrick, UdeM, Faculty of Arts and Science \u2013 School of Social Work<\/span><\/li><li style=\"font-weight: 400;\" aria-level=\"1\"><span style=\"font-weight: 400;\">Cr\u00e9peau Fran\u00e7ois, McGill University, Faculty of Law<\/span><\/li><li style=\"font-weight: 400;\" aria-level=\"1\"><span style=\"font-weight: 400;\">Denis Chantal, ex-mayor of Saint-Antoine-sur-Richelieu<\/span><\/li><li style=\"font-weight: 400;\" aria-level=\"1\"><span style=\"font-weight: 400;\">Drudi Guy, president, <\/span><a href=\"https:\/\/lamaisonnee.org\/en\/\"><span style=\"font-weight: 400;\">La Maisonn\u00e9e aid and networking organization for immigrants<\/span><\/a><\/li><li style=\"font-weight: 400;\" aria-level=\"1\"><span style=\"font-weight: 400;\">Frozzini Jorge, UQAC, Canada Research Chair in Cross-cultural Communication and Management Technologies in a Pluralist Environment<\/span><\/li><li style=\"font-weight: 400;\" aria-level=\"1\"><span style=\"font-weight: 400;\">Gachon Philippe, UQAM, Department of Geography<\/span><\/li><li style=\"font-weight: 400;\" aria-level=\"1\"><span style=\"font-weight: 400;\">Gagnon M\u00e9lanie M., Centre of Expertise on the Wellbeing and Physical Health of Refugees and Asylum Seekers (CERDA) at the CIUSSS in West-Central Montr\u00e9al (helped with the introduction of Module 4 and the table on healthcare coverage by immigration status)<\/span><\/li><li style=\"font-weight: 400;\" aria-level=\"1\"><span style=\"font-weight: 400;\">Goudet Anna, doctoral candidate in Urban Studies, <\/span><a href=\"https:\/\/inrs.ca\/en\/inrs\/research-centres\/urbanisation-culture-societe-research-centre\/\"><span style=\"font-weight: 400;\">Urbanisation Culture Soci\u00e9t\u00e9 Research Centre<\/span><\/a><span style=\"font-weight: 400;\"> at the National Institute for Scientific Research (INRS-UCS)<\/span><\/li><li style=\"font-weight: 400;\" aria-level=\"1\"><span style=\"font-weight: 400;\">Hans Asha, Co-chair of the Pakistan-India People\u2019s Forum for Peace and Democracy, former Professor of Political Science and Founder-director of the School of Women\u2019s Studies at Utkal University in India<\/span><\/li><li style=\"font-weight: 400;\" aria-level=\"1\"><span style=\"font-weight: 400;\">Henderson Sarah, University of British Columbia, Scientific Director of the Environmental Health Services at the British Columbia Centre for Disease Control and the National Collaborative Center for Environmental Health<\/span><\/li><li style=\"font-weight: 400;\" aria-level=\"1\"><span style=\"font-weight: 400;\">Jodoin S\u00e9bastien, McGill University, Faculty of Law<\/span><\/li><li style=\"font-weight: 400;\" aria-level=\"1\"><span style=\"font-weight: 400;\">Lafond Audrey, UQAR, social worker at the Integrated Health and Social Services Centre in Chaudi\u00e8re-Appalaches<\/span><\/li><li style=\"font-weight: 400;\" aria-level=\"1\"><span style=\"font-weight: 400;\">Lessard Lily, UQAR, Department of Health Science, Chair in Interdisciplinary Research on Rural Population Health and Social Services<\/span><\/li><li style=\"font-weight: 400;\" aria-level=\"1\"><span style=\"font-weight: 400;\">Maillet Lara, ENAP<\/span><\/li><li style=\"font-weight: 400;\" aria-level=\"1\"><span style=\"font-weight: 400;\">Minville Genevi\u00e8ve, Centre of Expertise on the Wellbeing and Physical Health of Refugees and Asylum Seekers (CERDA) at the CIUSSS in West-Central Montr\u00e9al (helped with the introduction of Module 4 and the table on healthcare coverage by immigration status)<\/span><\/li><li style=\"font-weight: 400;\" aria-level=\"1\"><span style=\"font-weight: 400;\">Noisel Nolwenn, UdeM, ESPUM, Environmental Health<\/span><\/li><li style=\"font-weight: 400;\" aria-level=\"1\"><span style=\"font-weight: 400;\">Othman Hameza, manager of first-line community services,<\/span><a href=\"https:\/\/lamaisonnee.org\/en\/\"><span style=\"font-weight: 400;\"> La Maisonn\u00e9e aid and networking organization for immigrants<\/span><\/a><\/li><li style=\"font-weight: 400;\" aria-level=\"1\"><span style=\"font-weight: 400;\">Rodon Thierry, ULaval, Faculty of Social Science, <\/span><a href=\"https:\/\/www.chairedeveloppementnord.ulaval.ca\/\"><span style=\"font-weight: 400;\">Research Chair on Northern Sustainable Development<\/span><\/a><\/li><li style=\"font-weight: 400;\" aria-level=\"1\"><span style=\"font-weight: 400;\">Schriever Sophie, doctoral candidate in International Studies, Universit\u00e9 Laval and University of Amsterdam.<\/span><\/li><li style=\"font-weight: 400;\" aria-level=\"1\"><span style=\"font-weight: 400;\">Simard Mathieu, UQAC, Department of Health Sciences, doctoral candidate at McGill University in Physiotherapy<\/span><\/li><li style=\"font-weight: 400;\" aria-level=\"1\"><span style=\"font-weight: 400;\">Tardif Isabelle, professional coordinator for the Mont\u00e9r\u00e9gie Public Health Office<\/span><\/li><li style=\"font-weight: 400;\" aria-level=\"1\"><span style=\"font-weight: 400;\">Tremblay Marie-Claude, Universit\u00e9 Laval, Department of Family and Emergency Medicine\u00a0<\/span><\/li><li style=\"font-weight: 400;\" aria-level=\"1\"><span style=\"font-weight: 400;\">Trosseille No\u00e9mie, Centre of Expertise on the Wellbeing and Physical Health of Refugees and Asylum Seekers (CERDA) at the CIUSSS in West-Central Montr\u00e9al (helped with the introduction of Module 4 and the table on healthcare coverage by immigration status)<\/span><\/li><li style=\"font-weight: 400;\" aria-level=\"1\"><span style=\"font-weight: 400;\">Turmel Joanie, social worker, UQAR, Research Officer for the Chair in Interdisciplinary Research on Rural Population Health and Social Services<\/span><\/li><li style=\"font-weight: 400;\" aria-level=\"1\"><span style=\"font-weight: 400;\">Weinstock Daniel, McGill University, Full Professor, Vice-dean of Research, Katharine A. Pearson Chair in Civil Society and Public Policy in the Faculties of Law and Arts<\/span><\/li><li style=\"font-weight: 400;\" aria-level=\"1\"><span style=\"font-weight: 400;\">Zinszer Kate, UdeM, ESPUM<\/span><\/li><\/ol>\t\t\t\t\t\t\t\t<\/div>\n\t\t\t\t<\/div>\n\t\t\t\t\t<\/div>\n\t\t<\/div>\n\t\t\t\t\t<\/div>\n\t\t<\/section>\n\t\t\t\t<\/div>\n\t\t","protected":false},"excerpt":{"rendered":"<p>Matthew Hunt Matthew Hunt, PT, PhD, is an Associate Professor at McGill University\u2019s School of Physical and Occupational Therapy, and a researcher at the Centre for Interdisciplinary Research in Rehabilitation. He is also the scientific director of the Ethics Axis of the Qu\u00e9bec Population Health Research Network (QPHRN). His work is at the intersection of&#8230;<\/p>\n","protected":false},"author":1,"featured_media":0,"parent":11539,"menu_order":0,"comment_status":"closed","ping_status":"closed","template":"","meta":{"footnotes":""},"class_list":["post-11537","page","type-page","status-publish","hentry"],"_links":{"self":[{"href":"https:\/\/climigrant.org\/formation\/en\/wp-json\/wp\/v2\/pages\/11537","targetHints":{"allow":["GET"]}}],"collection":[{"href":"https:\/\/climigrant.org\/formation\/en\/wp-json\/wp\/v2\/pages"}],"about":[{"href":"https:\/\/climigrant.org\/formation\/en\/wp-json\/wp\/v2\/types\/page"}],"author":[{"embeddable":true,"href":"https:\/\/climigrant.org\/formation\/en\/wp-json\/wp\/v2\/users\/1"}],"replies":[{"embeddable":true,"href":"https:\/\/climigrant.org\/formation\/en\/wp-json\/wp\/v2\/comments?post=11537"}],"version-history":[{"count":10,"href":"https:\/\/climigrant.org\/formation\/en\/wp-json\/wp\/v2\/pages\/11537\/revisions"}],"predecessor-version":[{"id":12449,"href":"https:\/\/climigrant.org\/formation\/en\/wp-json\/wp\/v2\/pages\/11537\/revisions\/12449"}],"up":[{"embeddable":true,"href":"https:\/\/climigrant.org\/formation\/en\/wp-json\/wp\/v2\/pages\/11539"}],"wp:attachment":[{"href":"https:\/\/climigrant.org\/formation\/en\/wp-json\/wp\/v2\/media?parent=11537"}],"curies":[{"name":"wp","href":"https:\/\/api.w.org\/{rel}","templated":true}]}}