{"id":3040,"date":"2025-05-29T18:40:04","date_gmt":"2025-05-29T18:40:04","guid":{"rendered":"https:\/\/climigrant.org\/?page_id=3040"},"modified":"2025-05-29T19:18:59","modified_gmt":"2025-05-29T19:18:59","slug":"about","status":"publish","type":"page","link":"https:\/\/climigrant.org\/en\/toolkit\/about\/","title":{"rendered":"About"},"content":{"rendered":"\t\t<div data-elementor-type=\"wp-page\" data-elementor-id=\"3040\" class=\"elementor elementor-3040 elementor-3039\" data-elementor-post-type=\"page\">\n\t\t\t\t\t\t<section class=\"elementor-section elementor-top-section elementor-element elementor-element-67d8349b outil-header elementor-section-boxed elementor-section-height-default elementor-section-height-default\" data-id=\"67d8349b\" data-element_type=\"section\" data-e-type=\"section\" data-settings=\"{&quot;background_background&quot;:&quot;classic&quot;}\">\n\t\t\t\t\t\t\t<div class=\"elementor-background-overlay\"><\/div>\n\t\t\t\t\t\t\t<div class=\"elementor-container elementor-column-gap-default\">\n\t\t\t\t\t<div class=\"elementor-column elementor-col-100 elementor-top-column elementor-element elementor-element-3e9e7576\" data-id=\"3e9e7576\" data-element_type=\"column\" data-e-type=\"column\">\n\t\t\t<div class=\"elementor-widget-wrap elementor-element-populated\">\n\t\t\t\t\t\t<div class=\"elementor-element elementor-element-3e987882 elementor-widget elementor-widget-spacer\" data-id=\"3e987882\" data-element_type=\"widget\" data-e-type=\"widget\" data-widget_type=\"spacer.default\">\n\t\t\t\t<div class=\"elementor-widget-container\">\n\t\t\t\t\t\t\t<div class=\"elementor-spacer\">\n\t\t\t<div class=\"elementor-spacer-inner\"><\/div>\n\t\t<\/div>\n\t\t\t\t\t\t<\/div>\n\t\t\t\t<\/div>\n\t\t\t\t<div class=\"elementor-element elementor-element-4805675f elementor-widget elementor-widget-heading\" data-id=\"4805675f\" data-element_type=\"widget\" data-e-type=\"widget\" data-widget_type=\"heading.default\">\n\t\t\t\t<div class=\"elementor-widget-container\">\n\t\t\t\t\t<h2 class=\"elementor-heading-title elementor-size-default\">About<\/h2>\t\t\t\t<\/div>\n\t\t\t\t<\/div>\n\t\t\t\t<section class=\"elementor-section elementor-inner-section elementor-element elementor-element-3ded38dd elementor-section-boxed elementor-section-height-default elementor-section-height-default\" data-id=\"3ded38dd\" data-element_type=\"section\" data-e-type=\"section\">\n\t\t\t\t\t\t<div class=\"elementor-container elementor-column-gap-default\">\n\t\t\t\t\t<div class=\"elementor-column elementor-col-100 elementor-inner-column elementor-element elementor-element-25689583\" data-id=\"25689583\" data-element_type=\"column\" data-e-type=\"column\">\n\t\t\t<div class=\"elementor-widget-wrap elementor-element-populated\">\n\t\t\t\t\t\t<div class=\"elementor-element elementor-element-2a0862a1 elementor-nav-menu__align-center elementor-nav-menu--dropdown-tablet elementor-nav-menu__text-align-aside elementor-nav-menu--toggle elementor-nav-menu--burger elementor-widget elementor-widget-nav-menu\" data-id=\"2a0862a1\" data-element_type=\"widget\" data-e-type=\"widget\" data-settings=\"{&quot;layout&quot;:&quot;horizontal&quot;,&quot;submenu_icon&quot;:{&quot;value&quot;:&quot;&lt;i class=\\&quot;fas fa-caret-down\\&quot; aria-hidden=\\&quot;true\\&quot;&gt;&lt;\\\/i&gt;&quot;,&quot;library&quot;:&quot;fa-solid&quot;},&quot;toggle&quot;:&quot;burger&quot;}\" data-widget_type=\"nav-menu.default\">\n\t\t\t\t<div class=\"elementor-widget-container\">\n\t\t\t\t\t\t\t\t<nav aria-label=\"Menu\" class=\"elementor-nav-menu--main elementor-nav-menu__container elementor-nav-menu--layout-horizontal e--pointer-background e--animation-fade\">\n\t\t\t\t<ul id=\"menu-1-2a0862a1\" class=\"elementor-nav-menu\"><li class=\"menu-item menu-item-type-post_type menu-item-object-page menu-item-2674\"><a href=\"https:\/\/climigrant.org\/en\/toolkit\/\" class=\"elementor-item\">Home<\/a><\/li>\n<li class=\"menu-item menu-item-type-post_type menu-item-object-page menu-item-2677\"><a href=\"https:\/\/climigrant.org\/en\/toolkit\/section-i\/\" class=\"elementor-item\">Section I<\/a><\/li>\n<li class=\"menu-item menu-item-type-post_type menu-item-object-page menu-item-2678\"><a href=\"https:\/\/climigrant.org\/en\/toolkit\/ii\/\" class=\"elementor-item\">Section II<\/a><\/li>\n<li class=\"menu-item menu-item-type-post_type menu-item-object-page menu-item-2679\"><a href=\"https:\/\/climigrant.org\/en\/toolkit\/iii\/\" class=\"elementor-item\">Section III<\/a><\/li>\n<li class=\"menu-item menu-item-type-post_type menu-item-object-page menu-item-2680\"><a href=\"https:\/\/climigrant.org\/en\/toolkit\/iv\/\" class=\"elementor-item\">Section IV<\/a><\/li>\n<li class=\"menu-item menu-item-type-post_type menu-item-object-page menu-item-2681\"><a href=\"https:\/\/climigrant.org\/en\/toolkit\/v\/\" class=\"elementor-item\">Section V<\/a><\/li>\n<li class=\"menu-item menu-item-type-post_type menu-item-object-page menu-item-2682\"><a href=\"https:\/\/climigrant.org\/en\/toolkit\/vi\/\" class=\"elementor-item\">Section VI<\/a><\/li>\n<li class=\"menu-item menu-item-type-post_type menu-item-object-page menu-item-2683\"><a href=\"https:\/\/climigrant.org\/en\/toolkit\/vii\/\" class=\"elementor-item\">Section VII<\/a><\/li>\n<li class=\"menu-item menu-item-type-post_type menu-item-object-page menu-item-2675\"><a href=\"https:\/\/climigrant.org\/en\/toolkit\/appendix-1\/\" class=\"elementor-item\">Appendix 1<\/a><\/li>\n<li class=\"menu-item menu-item-type-post_type menu-item-object-page menu-item-2676\"><a href=\"https:\/\/climigrant.org\/en\/toolkit\/appendix-2\/\" class=\"elementor-item\">Appendix 2<\/a><\/li>\n<li class=\"menu-item menu-item-type-post_type menu-item-object-page menu-item-3031\"><a href=\"https:\/\/climigrant.org\/en\/toolkit\/annexe-3-quelques-ressources-supplementaires\/\" class=\"elementor-item\">Appendix 3<\/a><\/li>\n<\/ul>\t\t\t<\/nav>\n\t\t\t\t\t<div class=\"elementor-menu-toggle\" role=\"button\" tabindex=\"0\" aria-label=\"Menu Toggle\" aria-expanded=\"false\">\n\t\t\t<i aria-hidden=\"true\" role=\"presentation\" class=\"elementor-menu-toggle__icon--open eicon-menu-bar\"><\/i><i aria-hidden=\"true\" role=\"presentation\" class=\"elementor-menu-toggle__icon--close eicon-close\"><\/i>\t\t<\/div>\n\t\t\t\t\t<nav class=\"elementor-nav-menu--dropdown elementor-nav-menu__container\" aria-hidden=\"true\">\n\t\t\t\t<ul id=\"menu-2-2a0862a1\" class=\"elementor-nav-menu\"><li class=\"menu-item menu-item-type-post_type menu-item-object-page menu-item-2674\"><a href=\"https:\/\/climigrant.org\/en\/toolkit\/\" class=\"elementor-item\" tabindex=\"-1\">Home<\/a><\/li>\n<li class=\"menu-item menu-item-type-post_type menu-item-object-page menu-item-2677\"><a href=\"https:\/\/climigrant.org\/en\/toolkit\/section-i\/\" class=\"elementor-item\" tabindex=\"-1\">Section I<\/a><\/li>\n<li class=\"menu-item menu-item-type-post_type menu-item-object-page menu-item-2678\"><a href=\"https:\/\/climigrant.org\/en\/toolkit\/ii\/\" class=\"elementor-item\" tabindex=\"-1\">Section II<\/a><\/li>\n<li class=\"menu-item menu-item-type-post_type menu-item-object-page menu-item-2679\"><a href=\"https:\/\/climigrant.org\/en\/toolkit\/iii\/\" class=\"elementor-item\" tabindex=\"-1\">Section III<\/a><\/li>\n<li class=\"menu-item menu-item-type-post_type menu-item-object-page menu-item-2680\"><a href=\"https:\/\/climigrant.org\/en\/toolkit\/iv\/\" class=\"elementor-item\" tabindex=\"-1\">Section IV<\/a><\/li>\n<li class=\"menu-item menu-item-type-post_type menu-item-object-page menu-item-2681\"><a href=\"https:\/\/climigrant.org\/en\/toolkit\/v\/\" class=\"elementor-item\" tabindex=\"-1\">Section V<\/a><\/li>\n<li class=\"menu-item menu-item-type-post_type menu-item-object-page menu-item-2682\"><a href=\"https:\/\/climigrant.org\/en\/toolkit\/vi\/\" class=\"elementor-item\" tabindex=\"-1\">Section VI<\/a><\/li>\n<li class=\"menu-item menu-item-type-post_type menu-item-object-page menu-item-2683\"><a href=\"https:\/\/climigrant.org\/en\/toolkit\/vii\/\" class=\"elementor-item\" tabindex=\"-1\">Section VII<\/a><\/li>\n<li class=\"menu-item menu-item-type-post_type menu-item-object-page menu-item-2675\"><a href=\"https:\/\/climigrant.org\/en\/toolkit\/appendix-1\/\" class=\"elementor-item\" tabindex=\"-1\">Appendix 1<\/a><\/li>\n<li class=\"menu-item menu-item-type-post_type menu-item-object-page menu-item-2676\"><a href=\"https:\/\/climigrant.org\/en\/toolkit\/appendix-2\/\" class=\"elementor-item\" tabindex=\"-1\">Appendix 2<\/a><\/li>\n<li class=\"menu-item menu-item-type-post_type menu-item-object-page menu-item-3031\"><a href=\"https:\/\/climigrant.org\/en\/toolkit\/annexe-3-quelques-ressources-supplementaires\/\" class=\"elementor-item\" tabindex=\"-1\">Appendix 3<\/a><\/li>\n<\/ul>\t\t\t<\/nav>\n\t\t\t\t\t\t<\/div>\n\t\t\t\t<\/div>\n\t\t\t\t\t<\/div>\n\t\t<\/div>\n\t\t\t\t\t<\/div>\n\t\t<\/section>\n\t\t\t\t\t<\/div>\n\t\t<\/div>\n\t\t\t\t\t<\/div>\n\t\t<\/section>\n\t\t\t\t<section class=\"elementor-section elementor-top-section elementor-element elementor-element-b1a0a3c elementor-section-boxed elementor-section-height-default elementor-section-height-default\" data-id=\"b1a0a3c\" data-element_type=\"section\" data-e-type=\"section\">\n\t\t\t\t\t\t<div class=\"elementor-container elementor-column-gap-default\">\n\t\t\t\t\t<div class=\"elementor-column elementor-col-100 elementor-top-column elementor-element elementor-element-7c16810\" data-id=\"7c16810\" data-element_type=\"column\" data-e-type=\"column\">\n\t\t\t<div class=\"elementor-widget-wrap elementor-element-populated\">\n\t\t\t\t\t\t<div class=\"elementor-element elementor-element-2ab5634 elementor-widget elementor-widget-text-editor\" data-id=\"2ab5634\" data-element_type=\"widget\" data-e-type=\"widget\" data-widget_type=\"text-editor.default\">\n\t\t\t\t<div class=\"elementor-widget-container\">\n\t\t\t\t\t\t\t\t\t<h2>Funding<\/h2><p>This project was funded by the Ethics and Global Health Axes of the Qu\u00e9bec Population Health Research Network (QPHRN \u2013 funded by the Fonds de recherche du Qu\u00e9bec &#8211; Sant\u00e9) and Universit\u00e9 de Montr\u00e9al (thanks to a Special Project Grant from the Vice-Rectorate of Research, Discovery, Creation and Innovation).<\/p>\t\t\t\t\t\t\t\t<\/div>\n\t\t\t\t<\/div>\n\t\t\t\t<section class=\"elementor-section elementor-inner-section elementor-element elementor-element-90059c9 elementor-section-content-middle elementor-section-boxed elementor-section-height-default elementor-section-height-default\" data-id=\"90059c9\" data-element_type=\"section\" data-e-type=\"section\">\n\t\t\t\t\t\t<div class=\"elementor-container elementor-column-gap-default\">\n\t\t\t\t\t<div class=\"elementor-column elementor-col-33 elementor-inner-column elementor-element elementor-element-1012f94\" data-id=\"1012f94\" data-element_type=\"column\" data-e-type=\"column\">\n\t\t\t<div class=\"elementor-widget-wrap elementor-element-populated\">\n\t\t\t\t\t\t<div class=\"elementor-element elementor-element-faf5ecf elementor-widget elementor-widget-image\" data-id=\"faf5ecf\" data-element_type=\"widget\" data-e-type=\"widget\" data-widget_type=\"image.default\">\n\t\t\t\t<div class=\"elementor-widget-container\">\n\t\t\t\t\t\t\t\t\t\t\t\t\t\t\t<img fetchpriority=\"high\" decoding=\"async\" width=\"640\" height=\"303\" src=\"https:\/\/climigrant.org\/wp-content\/uploads\/2022\/06\/santepop-EN.png\" class=\"attachment-large size-large wp-image-1617\" alt=\"\" srcset=\"https:\/\/climigrant.org\/wp-content\/uploads\/2022\/06\/santepop-EN.png 671w, https:\/\/climigrant.org\/wp-content\/uploads\/2022\/06\/santepop-EN-300x142.png 300w, https:\/\/climigrant.org\/wp-content\/uploads\/2022\/06\/santepop-EN-600x284.png 600w\" sizes=\"(max-width: 640px) 100vw, 640px\" \/>\t\t\t\t\t\t\t\t\t\t\t\t\t\t\t<\/div>\n\t\t\t\t<\/div>\n\t\t\t\t\t<\/div>\n\t\t<\/div>\n\t\t\t\t<div class=\"elementor-column elementor-col-33 elementor-inner-column elementor-element elementor-element-e5f99c4\" data-id=\"e5f99c4\" data-element_type=\"column\" data-e-type=\"column\">\n\t\t\t<div class=\"elementor-widget-wrap elementor-element-populated\">\n\t\t\t\t\t\t<div class=\"elementor-element elementor-element-96b5233 elementor-widget elementor-widget-image\" data-id=\"96b5233\" data-element_type=\"widget\" data-e-type=\"widget\" data-widget_type=\"image.default\">\n\t\t\t\t<div class=\"elementor-widget-container\">\n\t\t\t\t\t\t\t\t\t\t\t\t\t\t\t<img decoding=\"async\" width=\"300\" height=\"114\" src=\"https:\/\/climigrant.org\/wp-content\/uploads\/2025\/05\/image2.png\" class=\"attachment-large size-large wp-image-3049\" alt=\"\" \/>\t\t\t\t\t\t\t\t\t\t\t\t\t\t\t<\/div>\n\t\t\t\t<\/div>\n\t\t\t\t\t<\/div>\n\t\t<\/div>\n\t\t\t\t<div class=\"elementor-column elementor-col-33 elementor-inner-column elementor-element elementor-element-8d91820\" data-id=\"8d91820\" data-element_type=\"column\" data-e-type=\"column\">\n\t\t\t<div class=\"elementor-widget-wrap elementor-element-populated\">\n\t\t\t\t\t\t<div class=\"elementor-element elementor-element-be9d335 elementor-widget elementor-widget-image\" data-id=\"be9d335\" data-element_type=\"widget\" data-e-type=\"widget\" data-widget_type=\"image.default\">\n\t\t\t\t<div class=\"elementor-widget-container\">\n\t\t\t\t\t\t\t\t\t\t\t\t\t\t\t<img decoding=\"async\" width=\"452\" height=\"262\" src=\"https:\/\/climigrant.org\/wp-content\/uploads\/2022\/04\/Universite_de_Montreal_Logo-1.png\" class=\"attachment-large size-large wp-image-1601\" alt=\"\" srcset=\"https:\/\/climigrant.org\/wp-content\/uploads\/2022\/04\/Universite_de_Montreal_Logo-1.png 452w, https:\/\/climigrant.org\/wp-content\/uploads\/2022\/04\/Universite_de_Montreal_Logo-1-300x174.png 300w, https:\/\/climigrant.org\/wp-content\/uploads\/2022\/04\/Universite_de_Montreal_Logo-1-360x210.png 360w\" sizes=\"(max-width: 452px) 100vw, 452px\" \/>\t\t\t\t\t\t\t\t\t\t\t\t\t\t\t<\/div>\n\t\t\t\t<\/div>\n\t\t\t\t\t<\/div>\n\t\t<\/div>\n\t\t\t\t\t<\/div>\n\t\t<\/section>\n\t\t\t\t<div class=\"elementor-element elementor-element-09207b6 elementor-widget elementor-widget-spacer\" data-id=\"09207b6\" data-element_type=\"widget\" data-e-type=\"widget\" data-widget_type=\"spacer.default\">\n\t\t\t\t<div class=\"elementor-widget-container\">\n\t\t\t\t\t\t\t<div class=\"elementor-spacer\">\n\t\t\t<div class=\"elementor-spacer-inner\"><\/div>\n\t\t<\/div>\n\t\t\t\t\t\t<\/div>\n\t\t\t\t<\/div>\n\t\t\t\t<div class=\"elementor-element elementor-element-0392ae1 elementor-widget elementor-widget-text-editor\" data-id=\"0392ae1\" data-element_type=\"widget\" data-e-type=\"widget\" data-widget_type=\"text-editor.default\">\n\t\t\t\t<div class=\"elementor-widget-container\">\n\t\t\t\t\t\t\t\t\t<h2>Team<\/h2><p><strong>Lynn Butler-Kisber :<\/strong> Professor, Department of Integrated Studies in Education (DISE), McGill University<\/p><p><strong>Sandra Dumais<\/strong>, illustrator<\/p><p><strong>Matthew Hunt :<\/strong> Professor, School of Physical and Occupational Therapy, Faculty of Medicine and Health Sciences, McGill University<\/p><p><strong>Thierry Hurlimann :<\/strong> \u00c9cole de sant\u00e9 publique de l\u2019Universit\u00e9 de Montr\u00e9al<\/p><p><strong>Sergio Luna :<\/strong> Webmaster<\/p><p><strong>Lisa Merry :<\/strong> Professor, Facult\u00e9 des sciences infirmi\u00e8res, Universit\u00e9 de Montr\u00e9al<\/p><p><strong>Karolina Roman :<\/strong> Translator<\/p><p><strong>Tzvetelina Tzoneva\u00a0:<\/strong> PhD candidate in Social Work at University of Qu\u00e9bec in Montr\u00e9al (UQAM).<\/p><p>Thank you to everyone who supported and contributed to this endeavor. Your insightful feedback and validation of the tools played a crucial role in the process and the final outcome.<\/p>\t\t\t\t\t\t\t\t<\/div>\n\t\t\t\t<\/div>\n\t\t\t\t\t<\/div>\n\t\t<\/div>\n\t\t\t\t\t<\/div>\n\t\t<\/section>\n\t\t\t\t<\/div>\n\t\t","protected":false},"excerpt":{"rendered":"<p>Funding This project was funded by the Ethics and Global Health Axes of the Qu\u00e9bec Population Health Research Network (QPHRN \u2013 funded by the Fonds de recherche du Qu\u00e9bec &#8211; Sant\u00e9) and Universit\u00e9 de Montr\u00e9al (thanks to a Special Project Grant from the Vice-Rectorate of Research, Discovery, Creation and Innovation). Team Lynn Butler-Kisber : Professor,&#8230;<\/p>\n","protected":false},"author":1,"featured_media":0,"parent":2566,"menu_order":0,"comment_status":"closed","ping_status":"closed","template":"","meta":{"_acf_changed":false,"h5ap_radio_sources":[],"footnotes":""},"class_list":["post-3040","page","type-page","status-publish","hentry"],"acf":[],"_links":{"self":[{"href":"https:\/\/climigrant.org\/en\/wp-json\/wp\/v2\/pages\/3040","targetHints":{"allow":["GET"]}}],"collection":[{"href":"https:\/\/climigrant.org\/en\/wp-json\/wp\/v2\/pages"}],"about":[{"href":"https:\/\/climigrant.org\/en\/wp-json\/wp\/v2\/types\/page"}],"author":[{"embeddable":true,"href":"https:\/\/climigrant.org\/en\/wp-json\/wp\/v2\/users\/1"}],"replies":[{"embeddable":true,"href":"https:\/\/climigrant.org\/en\/wp-json\/wp\/v2\/comments?post=3040"}],"version-history":[{"count":6,"href":"https:\/\/climigrant.org\/en\/wp-json\/wp\/v2\/pages\/3040\/revisions"}],"predecessor-version":[{"id":3106,"href":"https:\/\/climigrant.org\/en\/wp-json\/wp\/v2\/pages\/3040\/revisions\/3106"}],"up":[{"embeddable":true,"href":"https:\/\/climigrant.org\/en\/wp-json\/wp\/v2\/pages\/2566"}],"wp:attachment":[{"href":"https:\/\/climigrant.org\/en\/wp-json\/wp\/v2\/media?parent=3040"}],"curies":[{"name":"wp","href":"https:\/\/api.w.org\/{rel}","templated":true}]}}